{"id":378,"date":"2019-11-27T10:10:58","date_gmt":"2019-11-27T10:10:58","guid":{"rendered":"http:\/\/mariaruizdeclavijo.com\/ca\/?page_id=378"},"modified":"2020-01-29T17:18:38","modified_gmt":"2020-01-29T17:18:38","slug":"ortodoncia","status":"publish","type":"page","link":"https:\/\/mariaruizdeclavijo.com\/ca\/ortodoncia\/","title":{"rendered":"Ortod\u00f2ncia"},"content":{"rendered":"<div data-vc-full-width=\"true\" data-vc-full-width-init=\"false\" data-vc-stretch-content=\"true\" class=\"vc_row wpb_row vc_row-fluid vc_custom_1574854609486 vc_row-has-fill\"><div class=\"wpb_column vc_column_container vc_col-sm-4\"><div class=\"vc_column-inner\"><div class=\"wpb_wrapper\"><\/div><\/div><\/div><div class=\"wpb_column vc_column_container vc_col-sm-4\"><div class=\"vc_column-inner\"><div class=\"wpb_wrapper\"><div class=\"vc_empty_space\"  style=\"height: 120px\" ><span class=\"vc_empty_space_inner\"><\/span><\/div>\n\n\t<div class=\"wpb_text_column wpb_content_element  vc_custom_1574849104801\">\n\t\t<div class=\"wpb_wrapper\">\n\t\t\t<p style=\"font-size: 58px; color: #ffffff; text-align: center;\">Ortod\u00f2ncia<\/p>\n<div id=\"ritekit-alerts\" style=\"text-align: center;\"><\/div>\n<div id=\"ritekit-alerts\" style=\"text-align: center;\"><\/div>\n<div id=\"ritekit-alerts\"><\/div>\n<p>&nbsp;<\/p>\n<div id=\"ritekit-alerts\"><\/div>\n\n\t\t<\/div>\n\t<\/div>\n<div class=\"vc_empty_space\"  style=\"height: 100px\" ><span class=\"vc_empty_space_inner\"><\/span><\/div>\n<\/div><\/div><\/div><div class=\"wpb_column vc_column_container vc_col-sm-4\"><div class=\"vc_column-inner\"><div class=\"wpb_wrapper\"><\/div><\/div><\/div><\/div><div class=\"vc_row-full-width vc_clearfix\"><\/div><div class=\"vc_row wpb_row vc_row-fluid\"><div class=\"wpb_column vc_column_container vc_col-sm-2\"><div class=\"vc_column-inner\"><div class=\"wpb_wrapper\"><\/div><\/div><\/div><div class=\"wpb_column vc_column_container vc_col-sm-8\"><div class=\"vc_column-inner\"><div class=\"wpb_wrapper\"><div class=\"vc_empty_space\"  style=\"height: 50px\" ><span class=\"vc_empty_space_inner\"><\/span><\/div>\n\n\t<div class=\"wpb_text_column wpb_content_element\">\n\t\t<div class=\"wpb_wrapper\">\n\t\t\t<p>L'ortod\u00f2ncia de les teves dents <strong>millora la teva est\u00e8tica facial<\/strong>, <strong>el teu atractiu s'incrementa<\/strong>, <strong>millora la teva higiene bucal<\/strong> i, doncs, <strong>millora la teva salut bucal<\/strong>.<\/p>\n<p>A la nostra cl\u00ednica, <strong>valorem al pacient<\/strong>, explicant-li les possibles alteracions, <strong>orientant-ho en la mena de tractament i en la seva durada<\/strong>.<\/p>\n<p>Despr\u00e9s de valorar al pacient, es durien a terme les seg\u00fcents <strong>fases<\/strong>:<\/p>\n<ol>\n<li><strong>Fase d'Estudi:<\/strong>\u00a0En aquesta cita es practicaran diverses proves per a desenvolupar un <strong>diagn\u00f2stic individualitzat i un pla de tractament<\/strong>. Es faran fotos, impressions de les dents i radiografies digitals a la consulta.<\/li>\n<li><strong>Comentari del cas:<\/strong> El pacient o b\u00e9, els seus pares i el pacient, es reuneixen amb la doctora per a comentar el cas a tractar. En aquest moment, <strong>es mostren els resultats de l'estudi digitalment<\/strong>, es comenten <strong>els objectius<\/strong>, <strong>el tipus de tractament i la durada<\/strong> d'aquest tractament, <strong>aix\u00ed com el pressupost, sempre tancat.<\/strong>.<\/li>\n<li><strong>Cita de col\u00b7locaci\u00f3:\u00a0<\/strong>Hi ha aparells que es podran col\u00b7locar en la visita seg\u00fcent i uns altres que necessitaran treball del prot\u00e8tic. <strong>Tan aviat com sigui possible, posarem en marxa el cas<\/strong> en benefici del pacient i en funci\u00f3 de la necessitat o l'inter\u00e8s que tingui per a comen\u00e7ar.<\/li>\n<\/ol>\n<p>Segons el cas i les prefer\u00e8ncies del pacient, es col\u00b7locaran un tipus d'aparell o un altre.<\/p>\n<p><strong>A la nostra cl\u00ednica disposem dels seg\u00fcents aparells:<\/strong><\/p>\n\n\t\t<\/div>\n\t<\/div>\n<div class=\"vc_empty_space\"  style=\"height: 30px\" ><span class=\"vc_empty_space_inner\"><\/span><\/div>\n<div class=\"vc_row wpb_row vc_inner vc_row-fluid\"><div class=\"wpb_column vc_column_container vc_col-sm-6\"><div class=\"vc_column-inner\"><div class=\"wpb_wrapper\">\n\t<div class=\"wpb_single_image wpb_content_element vc_align_left\">\n\t\t\n\t\t<figure class=\"wpb_wrapper vc_figure\">\n\t\t\t<div class=\"vc_single_image-wrapper   vc_box_border_grey\"><img loading=\"lazy\" decoding=\"async\" width=\"1000\" height=\"1000\" src=\"https:\/\/mariaruizdeclavijo.com\/wp-content\/uploads\/Maria-Ruiz-Clavijo-Aparell-Funcional-Granollers.jpg\" class=\"vc_single_image-img attachment-full\" alt=\"Ortodoncia Granollers\" srcset=\"https:\/\/mariaruizdeclavijo.com\/wp-content\/uploads\/Maria-Ruiz-Clavijo-Aparell-Funcional-Granollers.jpg 1000w, https:\/\/mariaruizdeclavijo.com\/wp-content\/uploads\/Maria-Ruiz-Clavijo-Aparell-Funcional-Granollers-150x150.jpg 150w, https:\/\/mariaruizdeclavijo.com\/wp-content\/uploads\/Maria-Ruiz-Clavijo-Aparell-Funcional-Granollers-300x300.jpg 300w, https:\/\/mariaruizdeclavijo.com\/wp-content\/uploads\/Maria-Ruiz-Clavijo-Aparell-Funcional-Granollers-768x768.jpg 768w, https:\/\/mariaruizdeclavijo.com\/wp-content\/uploads\/Maria-Ruiz-Clavijo-Aparell-Funcional-Granollers-250x250.jpg 250w, https:\/\/mariaruizdeclavijo.com\/wp-content\/uploads\/Maria-Ruiz-Clavijo-Aparell-Funcional-Granollers-174x174.jpg 174w\" sizes=\"auto, (max-width: 1000px) 100vw, 1000px\" \/><\/div>\n\t\t<\/figure>\n\t<\/div>\n<div class=\"vc_empty_space\"  style=\"height: 15px\" ><span class=\"vc_empty_space_inner\"><\/span><\/div>\n\n\t<div class=\"wpb_text_column wpb_content_element\">\n\t\t<div class=\"wpb_wrapper\">\n\t\t\t<p style=\"text-align: center;\"><strong>Aparells funcionals:<\/strong>\u00a0S\u00f3n aparells que <strong>es col\u00b7loquen en nens que estan creixent<\/strong> y que nos ayudan a rehabilitar el equilibrio de la boca. Este equilibrio nos lo dan los dientes, los labios, la lengua y el resto de la musculatura perioral. <strong>Hi ha aparells fixos i amovibles<\/strong>. S'han de col\u00b7locar, perqu\u00e8 restaurant aquest equilibri, rehabilitem la boca i estabilitzem a llarg termini els resultats.<\/p>\n\n\t\t<\/div>\n\t<\/div>\n<\/div><\/div><\/div><div class=\"wpb_column vc_column_container vc_col-sm-6\"><div class=\"vc_column-inner\"><div class=\"wpb_wrapper\">\n\t<div class=\"wpb_single_image wpb_content_element vc_align_left\">\n\t\t\n\t\t<figure class=\"wpb_wrapper vc_figure\">\n\t\t\t<div class=\"vc_single_image-wrapper   vc_box_border_grey\"><img loading=\"lazy\" decoding=\"async\" width=\"1000\" height=\"1000\" src=\"https:\/\/mariaruizdeclavijo.com\/wp-content\/uploads\/Maria-Ruiz-Clavijo-Invisalign-Granollers.jpg\" class=\"vc_single_image-img attachment-full\" alt=\"Invisalign Granollers\" srcset=\"https:\/\/mariaruizdeclavijo.com\/wp-content\/uploads\/Maria-Ruiz-Clavijo-Invisalign-Granollers.jpg 1000w, https:\/\/mariaruizdeclavijo.com\/wp-content\/uploads\/Maria-Ruiz-Clavijo-Invisalign-Granollers-150x150.jpg 150w, https:\/\/mariaruizdeclavijo.com\/wp-content\/uploads\/Maria-Ruiz-Clavijo-Invisalign-Granollers-300x300.jpg 300w, https:\/\/mariaruizdeclavijo.com\/wp-content\/uploads\/Maria-Ruiz-Clavijo-Invisalign-Granollers-768x768.jpg 768w, https:\/\/mariaruizdeclavijo.com\/wp-content\/uploads\/Maria-Ruiz-Clavijo-Invisalign-Granollers-250x250.jpg 250w, https:\/\/mariaruizdeclavijo.com\/wp-content\/uploads\/Maria-Ruiz-Clavijo-Invisalign-Granollers-174x174.jpg 174w\" sizes=\"auto, (max-width: 1000px) 100vw, 1000px\" \/><\/div>\n\t\t<\/figure>\n\t<\/div>\n<div class=\"vc_empty_space\"  style=\"height: 15px\" ><span class=\"vc_empty_space_inner\"><\/span><\/div>\n\n\t<div class=\"wpb_text_column wpb_content_element\">\n\t\t<div class=\"wpb_wrapper\">\n\t\t\t<p style=\"text-align: center;\"><a href=\"https:\/\/mariaruizdeclavijo.com\/ca\/serveis\/invisalign\/\"><strong>Invisalign:<\/strong><\/a> Son una s\u00e8rie de <strong>alineadors pr\u00e0cticament invisibles i extra\u00efbles<\/strong>. \u00c9s un <strong>tractament molt c\u00f2mode<\/strong>, disponible per <strong>adults, adolescents i nens<\/strong>. Una dels seus avantatges respecte a una altra mena d'aparells \u00e9s que s\u00f3n extra\u00efbles, i per tant, <strong>el pacient pot menjar sense ells<\/strong>.<\/p>\n\n\t\t<\/div>\n\t<\/div>\n<\/div><\/div><\/div><\/div><div class=\"vc_empty_space\"  style=\"height: 30px\" ><span class=\"vc_empty_space_inner\"><\/span><\/div>\n<div class=\"vc_btn3-container vc_btn3-center\"><a class=\"vc_general vc_btn3 vc_btn3-size-md vc_btn3-shape-rounded vc_btn3-style-modern vc_btn3-color-black\" href=\"https:\/\/mariaruizdeclavijo.com\/ca\/contacta-con-nosotros\/\" title=\"\">Demana informaci\u00f3<\/a><\/div>\n<div class=\"vc_empty_space\"  style=\"height: 50px\" ><span class=\"vc_empty_space_inner\"><\/span><\/div>\n<\/div><\/div><\/div><div class=\"wpb_column vc_column_container vc_col-sm-2\"><div class=\"vc_column-inner\"><div class=\"wpb_wrapper\"><\/div><\/div><\/div><\/div>","protected":false},"excerpt":{"rendered":"Ortodoncia &nbsp; La ortodoncia de tus dientes mejora tu est\u00e9tica facial, tu atractivo se incrementa, mejora tu higiene bucal y, por lo tanto, mejora tu salud bucal. En nuestra cl\u00ednica, valoramos al paciente, explic\u00e1ndole las posibles alteraciones, orient\u00e1ndolo en el tipo de tratamiento y en su duraci\u00f3n. Despu\u00e9s de valorar al paciente, se llevar\u00edan a<a href=\"https:\/\/mariaruizdeclavijo.com\/ca\/ortodoncia\/\">[...]<\/a>","protected":false},"author":2,"featured_media":0,"parent":0,"menu_order":0,"comment_status":"closed","ping_status":"closed","template":"template-fullwidth.php","meta":{"footnotes":""},"class_list":["post-378","page","type-page","status-publish","hentry"],"yoast_head":"<!-- This site is optimized with the Yoast SEO plugin v19.6.1 - https:\/\/yoast.com\/wordpress\/plugins\/seo\/ -->\n<title>Tratamiento de Ortodoncia - Cl\u00ednica Maria Ruiz de Clavijo<\/title>\n<meta name=\"description\" content=\"\u00bfQuieres mejorar tu est\u00e9tica y tu salud bucodental? D\u00e9janos recomendarte sobre el tratamiento de ortodoncia que se adapta mejor a ti.\" \/>\n<meta name=\"robots\" content=\"index, follow, max-snippet:-1, max-image-preview:large, max-video-preview:-1\" \/>\n<link rel=\"canonical\" href=\"https:\/\/mariaruizdeclavijo.com\/ca\/ortodoncia\/\" \/>\n<meta property=\"og:locale\" content=\"ca_ES\" \/>\n<meta property=\"og:type\" content=\"article\" \/>\n<meta property=\"og:title\" content=\"Tratamiento de Ortodoncia - Cl\u00ednica Maria Ruiz de Clavijo\" \/>\n<meta property=\"og:description\" content=\"\u00bfQuieres mejorar tu est\u00e9tica y tu salud bucodental? D\u00e9janos recomendarte sobre el tratamiento de ortodoncia que se adapta mejor a ti.\" \/>\n<meta property=\"og:url\" content=\"https:\/\/mariaruizdeclavijo.com\/ca\/ortodoncia\/\" \/>\n<meta property=\"og:site_name\" content=\"Maria Ruiz de Clavijo\" \/>\n<meta property=\"article:modified_time\" content=\"2020-01-29T17:18:38+00:00\" \/>\n<meta name=\"twitter:card\" content=\"summary_large_image\" \/>\n<meta name=\"twitter:label1\" content=\"Temps estimat de lectura\" \/>\n\t<meta name=\"twitter:data1\" content=\"3 minuts\" \/>\n<script type=\"application\/ld+json\" class=\"yoast-schema-graph\">{\"@context\":\"https:\/\/schema.org\",\"@graph\":[{\"@type\":\"WebPage\",\"@id\":\"https:\/\/mariaruizdeclavijo.com\/ortodoncia\/\",\"url\":\"https:\/\/mariaruizdeclavijo.com\/ortodoncia\/\",\"name\":\"Tratamiento de Ortodoncia - Cl\u00ednica Maria Ruiz de Clavijo\",\"isPartOf\":{\"@id\":\"https:\/\/mariaruizdeclavijo.com\/#website\"},\"datePublished\":\"2019-11-27T10:10:58+00:00\",\"dateModified\":\"2020-01-29T17:18:38+00:00\",\"description\":\"\u00bfQuieres mejorar tu est\u00e9tica y tu salud bucodental? D\u00e9janos recomendarte sobre el tratamiento de ortodoncia que se adapta mejor a ti.\",\"breadcrumb\":{\"@id\":\"https:\/\/mariaruizdeclavijo.com\/ortodoncia\/#breadcrumb\"},\"inLanguage\":\"ca\",\"potentialAction\":[{\"@type\":\"ReadAction\",\"target\":[\"https:\/\/mariaruizdeclavijo.com\/ortodoncia\/\"]}]},{\"@type\":\"BreadcrumbList\",\"@id\":\"https:\/\/mariaruizdeclavijo.com\/ortodoncia\/#breadcrumb\",\"itemListElement\":[{\"@type\":\"ListItem\",\"position\":1,\"name\":\"Portada\",\"item\":\"https:\/\/mariaruizdeclavijo.com\/\"},{\"@type\":\"ListItem\",\"position\":2,\"name\":\"Ortodoncia\"}]},{\"@type\":\"WebSite\",\"@id\":\"https:\/\/mariaruizdeclavijo.com\/#website\",\"url\":\"https:\/\/mariaruizdeclavijo.com\/\",\"name\":\"Maria Ruiz de Clavijo\",\"description\":\"Cl\u00ednica d&#039;Ortod\u00f2ncia\",\"potentialAction\":[{\"@type\":\"SearchAction\",\"target\":{\"@type\":\"EntryPoint\",\"urlTemplate\":\"https:\/\/mariaruizdeclavijo.com\/?s={search_term_string}\"},\"query-input\":\"required name=search_term_string\"}],\"inLanguage\":\"ca\"}]}<\/script>\n<!-- \/ Yoast SEO plugin. -->","yoast_head_json":{"title":"Tratamiento de Ortodoncia - Cl\u00ednica Maria Ruiz de Clavijo","description":"\u00bfQuieres mejorar tu est\u00e9tica y tu salud bucodental? D\u00e9janos recomendarte sobre el tratamiento de ortodoncia que se adapta mejor a ti.","robots":{"index":"index","follow":"follow","max-snippet":"max-snippet:-1","max-image-preview":"max-image-preview:large","max-video-preview":"max-video-preview:-1"},"canonical":"https:\/\/mariaruizdeclavijo.com\/ca\/ortodoncia\/","og_locale":"ca_ES","og_type":"article","og_title":"Tratamiento de Ortodoncia - Cl\u00ednica Maria Ruiz de Clavijo","og_description":"\u00bfQuieres mejorar tu est\u00e9tica y tu salud bucodental? D\u00e9janos recomendarte sobre el tratamiento de ortodoncia que se adapta mejor a ti.","og_url":"https:\/\/mariaruizdeclavijo.com\/ca\/ortodoncia\/","og_site_name":"Maria Ruiz de Clavijo","article_modified_time":"2020-01-29T17:18:38+00:00","twitter_card":"summary_large_image","twitter_misc":{"Temps estimat de lectura":"3 minuts"},"schema":{"@context":"https:\/\/schema.org","@graph":[{"@type":"WebPage","@id":"https:\/\/mariaruizdeclavijo.com\/ortodoncia\/","url":"https:\/\/mariaruizdeclavijo.com\/ortodoncia\/","name":"Tratamiento de Ortodoncia - Cl\u00ednica Maria Ruiz de Clavijo","isPartOf":{"@id":"https:\/\/mariaruizdeclavijo.com\/#website"},"datePublished":"2019-11-27T10:10:58+00:00","dateModified":"2020-01-29T17:18:38+00:00","description":"\u00bfQuieres mejorar tu est\u00e9tica y tu salud bucodental? D\u00e9janos recomendarte sobre el tratamiento de ortodoncia que se adapta mejor a ti.","breadcrumb":{"@id":"https:\/\/mariaruizdeclavijo.com\/ortodoncia\/#breadcrumb"},"inLanguage":"ca","potentialAction":[{"@type":"ReadAction","target":["https:\/\/mariaruizdeclavijo.com\/ortodoncia\/"]}]},{"@type":"BreadcrumbList","@id":"https:\/\/mariaruizdeclavijo.com\/ortodoncia\/#breadcrumb","itemListElement":[{"@type":"ListItem","position":1,"name":"Portada","item":"https:\/\/mariaruizdeclavijo.com\/"},{"@type":"ListItem","position":2,"name":"Ortodoncia"}]},{"@type":"WebSite","@id":"https:\/\/mariaruizdeclavijo.com\/#website","url":"https:\/\/mariaruizdeclavijo.com\/","name":"Maria Ruiz de Clavijo","description":"Cl\u00ednica d&#039;Ortod\u00f2ncia","potentialAction":[{"@type":"SearchAction","target":{"@type":"EntryPoint","urlTemplate":"https:\/\/mariaruizdeclavijo.com\/?s={search_term_string}"},"query-input":"required name=search_term_string"}],"inLanguage":"ca"}]}},"_links":{"self":[{"href":"https:\/\/mariaruizdeclavijo.com\/ca\/wp-json\/wp\/v2\/pages\/378","targetHints":{"allow":["GET"]}}],"collection":[{"href":"https:\/\/mariaruizdeclavijo.com\/ca\/wp-json\/wp\/v2\/pages"}],"about":[{"href":"https:\/\/mariaruizdeclavijo.com\/ca\/wp-json\/wp\/v2\/types\/page"}],"author":[{"embeddable":true,"href":"https:\/\/mariaruizdeclavijo.com\/ca\/wp-json\/wp\/v2\/users\/2"}],"replies":[{"embeddable":true,"href":"https:\/\/mariaruizdeclavijo.com\/ca\/wp-json\/wp\/v2\/comments?post=378"}],"version-history":[{"count":91,"href":"https:\/\/mariaruizdeclavijo.com\/ca\/wp-json\/wp\/v2\/pages\/378\/revisions"}],"predecessor-version":[{"id":827,"href":"https:\/\/mariaruizdeclavijo.com\/ca\/wp-json\/wp\/v2\/pages\/378\/revisions\/827"}],"wp:attachment":[{"href":"https:\/\/mariaruizdeclavijo.com\/ca\/wp-json\/wp\/v2\/media?parent=378"}],"curies":[{"name":"wp","href":"https:\/\/api.w.org\/{rel}","templated":true}]}}