{"id":508,"date":"2019-11-28T12:59:49","date_gmt":"2019-11-28T12:59:49","guid":{"rendered":"http:\/\/mariaruizdeclavijo.com\/ca\/?page_id=508"},"modified":"2020-01-28T17:11:00","modified_gmt":"2020-01-28T17:11:00","slug":"invisalign","status":"publish","type":"page","link":"https:\/\/mariaruizdeclavijo.com\/ca\/invisalign\/","title":{"rendered":"Invisalign"},"content":{"rendered":"<div data-vc-full-width=\"true\" data-vc-full-width-init=\"false\" data-vc-stretch-content=\"true\" class=\"vc_row wpb_row vc_row-fluid vc_custom_1580231433309 vc_row-has-fill\"><div class=\"wpb_column vc_column_container vc_col-sm-4\"><div class=\"vc_column-inner\"><div class=\"wpb_wrapper\"><\/div><\/div><\/div><div class=\"wpb_column vc_column_container vc_col-sm-4\"><div class=\"vc_column-inner\"><div class=\"wpb_wrapper\"><div class=\"vc_empty_space\"  style=\"height: 120px\" ><span class=\"vc_empty_space_inner\"><\/span><\/div>\n\n\t<div class=\"wpb_text_column wpb_content_element  vc_custom_1578502854776\">\n\t\t<div class=\"wpb_wrapper\">\n\t\t\t<p style=\"font-size: 58px; color: #313131; text-align: center;\">Invisalign<\/p>\n\n\t\t<\/div>\n\t<\/div>\n<div class=\"vc_empty_space\"  style=\"height: 100px\" ><span class=\"vc_empty_space_inner\"><\/span><\/div>\n<\/div><\/div><\/div><div class=\"wpb_column vc_column_container vc_col-sm-4\"><div class=\"vc_column-inner\"><div class=\"wpb_wrapper\"><\/div><\/div><\/div><\/div><div class=\"vc_row-full-width vc_clearfix\"><\/div><div class=\"vc_row wpb_row vc_row-fluid\"><div class=\"wpb_column vc_column_container vc_col-sm-2\"><div class=\"vc_column-inner\"><div class=\"wpb_wrapper\"><\/div><\/div><\/div><div class=\"wpb_column vc_column_container vc_col-sm-8\"><div class=\"vc_column-inner\"><div class=\"wpb_wrapper\"><div class=\"vc_empty_space\"  style=\"height: 50px\" ><span class=\"vc_empty_space_inner\"><\/span><\/div>\n\n\t<div class=\"wpb_text_column wpb_content_element\">\n\t\t<div class=\"wpb_wrapper\">\n\t\t\t<p>El tractament\u00a0<a href=\"https:\/\/www.aligntech.es\/es\/Pages\/Home.aspx\">Invisalign<\/a> consisteix en una s\u00e8rie d'\u00a0<strong>alineadors d'ortod\u00f2ncia pr\u00e0cticament invisibles i extra\u00efbles,\u00a0<\/strong>que es canvien cada dues setmanes per un nou joc d'alineadors que\u00a0<strong>mejorar\u00e1n la posici\u00f3n de tus dientes<\/strong>.<\/p>\n<p>Cadascun dels alineadors\u00a0<strong>es fabrica espec\u00edficament per a les teves dents<\/strong>, i nom\u00e9s per a les teves dents. A mesura que es va canviant d'alineador, les dents s'aniran movent a poc a poc , setmana rere setmana, fins que estiguin alineats i en la posici\u00f3 final prescrita per l'odont\u00f2leg.<\/p>\n<p>A m\u00e9s, un\u00a0<strong>pla de tractament virtual 3D\u00a0<\/strong>mostrar\u00e0 els moviments que seguiran les teves dents durant el tractament. Aix\u00f2 et permetr\u00e0 saber des del comen\u00e7ament, l'aspecte que tindran les dents al final del tractament. A partir dels resultats del\u00a0<strong>programa Clin Check<\/strong>, es fabricaran els alineadors transparents i fets a mesura, espec\u00edficament per a tu.<\/p>\n<p>Si est\u00e0s llest per a tenir\u00a0<strong>un somriure que canviar\u00e0 el teu aspecte<\/strong>, Invisalign \u00e9s la resposta que estaves esperant. Encara que existeixen moltes opcions en el mercat, no hi ha cap tractament tan c\u00f2mode com Invisalign.<\/p>\n<p><strong>Algunes dels seus avantatges s\u00f3n:<\/strong><\/p>\n<ul>\n<li>Invisaling \u00e9s un tractament que et\u00a0<strong>permet continuar vivint el dia en dia\u00a0<\/strong>sense que l'ortod\u00f2ncia condicioni la teva vida.<\/li>\n<li>\u00c9s\u00a0<strong>la soluci\u00f3 per a un pacient actiu<\/strong>, amb vida social; per aix\u00f2 l'adult i l'adolescent s\u00f3n els pacients \u201cestrella\u201d.<\/li>\n<li>S\u00f3n f\u00e8rules seq\u00fcenciades,\u00a0<strong>f\u00e0cils d'extreure\u00a0<\/strong>per a tenir una excel\u00b7lent higiene i\u00a0<strong>sense limitar-te durant els menjars<\/strong>, ja que es fan sense l'aparell.<\/li>\n<li>Desapareixen les urg\u00e8ncies per ferides a la boca, brackets solts que poden punxar, etc.<\/li>\n<li>Permet visualitzar el tractament abans de comen\u00e7ar i valorar el resultat final, aconseguint que el pacient faci un\u00a0<strong>seguiment dels moviments f\u00e8rula a f\u00e8rula<\/strong>.<\/li>\n<li>\u00c9s un\u00a0<strong>tractament que es realitza a nens\u00a0<\/strong>(Invisalign First),\u00a0<strong>adolescents\u00a0<\/strong>(Invisalign teen)\u00a0<strong>i adults<\/strong>.<\/li>\n<\/ul>\n<p><strong>Invisalign \u00e9s la millor manera de transformar el teu somriure sense interferir en la teva vida quotidiana.<\/strong><\/p>\n\n\t\t<\/div>\n\t<\/div>\n<div class=\"vc_empty_space\"  style=\"height: 30px\" ><span class=\"vc_empty_space_inner\"><\/span><\/div>\n<div class=\"vc_btn3-container vc_btn3-center\"><a class=\"vc_general vc_btn3 vc_btn3-size-md vc_btn3-shape-rounded vc_btn3-style-modern vc_btn3-color-black\" href=\"https:\/\/mariaruizdeclavijo.com\/ca\/contacta-con-nosotros\/\" title=\"\">Demana informaci\u00f3<\/a><\/div>\n<div class=\"vc_empty_space\"  style=\"height: 50px\" ><span class=\"vc_empty_space_inner\"><\/span><\/div>\n<\/div><\/div><\/div><div class=\"wpb_column vc_column_container vc_col-sm-2\"><div class=\"vc_column-inner\"><div class=\"wpb_wrapper\"><\/div><\/div><\/div><\/div>","protected":false},"excerpt":{"rendered":"Invisalign El tratamiento\u00a0Invisalign consiste en una serie de\u00a0alineadores de ortodoncia pr\u00e1cticamente invisibles y extra\u00edbles,\u00a0que se cambian cada dos semanas por un nuevo juego de alineadores que\u00a0mejorar\u00e1n la posici\u00f3n de tus dientes. Cada uno de los alineadores\u00a0se fabrica espec\u00edficamente para tus dientes, y solo para tus dientes. A medida que se va cambiando de alineador, los<a href=\"https:\/\/mariaruizdeclavijo.com\/ca\/invisalign\/\">[...]<\/a>","protected":false},"author":2,"featured_media":0,"parent":0,"menu_order":0,"comment_status":"closed","ping_status":"closed","template":"template-fullwidth.php","meta":{"footnotes":""},"class_list":["post-508","page","type-page","status-publish","hentry"],"yoast_head":"<!-- This site is optimized with the Yoast SEO plugin v19.6.1 - https:\/\/yoast.com\/wordpress\/plugins\/seo\/ -->\n<title>Ortodoncia Invisalign - Cl\u00ednica Maria Ruiz de Clavijo<\/title>\n<meta name=\"description\" content=\"\u00bfPensando en mejorar la est\u00e9tica de tus dientes? El tratamiento de ortodoncia Invisalign te permite seguir viviendo el d\u00eda a d\u00eda. \u00a1Desc\u00fabrelo!\" \/>\n<meta name=\"robots\" content=\"index, follow, max-snippet:-1, max-image-preview:large, max-video-preview:-1\" \/>\n<link rel=\"canonical\" href=\"https:\/\/mariaruizdeclavijo.com\/ca\/invisalign\/\" \/>\n<meta property=\"og:locale\" content=\"ca_ES\" \/>\n<meta property=\"og:type\" content=\"article\" \/>\n<meta property=\"og:title\" content=\"Ortodoncia Invisalign - Cl\u00ednica Maria Ruiz de Clavijo\" \/>\n<meta property=\"og:description\" content=\"\u00bfPensando en mejorar la est\u00e9tica de tus dientes? El tratamiento de ortodoncia Invisalign te permite seguir viviendo el d\u00eda a d\u00eda. \u00a1Desc\u00fabrelo!\" \/>\n<meta property=\"og:url\" content=\"https:\/\/mariaruizdeclavijo.com\/ca\/invisalign\/\" \/>\n<meta property=\"og:site_name\" content=\"Maria Ruiz de Clavijo\" \/>\n<meta property=\"article:modified_time\" content=\"2020-01-28T17:11:00+00:00\" \/>\n<meta name=\"twitter:card\" content=\"summary_large_image\" \/>\n<meta name=\"twitter:label1\" content=\"Temps estimat de lectura\" \/>\n\t<meta name=\"twitter:data1\" content=\"2 minuts\" \/>\n<script type=\"application\/ld+json\" class=\"yoast-schema-graph\">{\"@context\":\"https:\/\/schema.org\",\"@graph\":[{\"@type\":\"WebPage\",\"@id\":\"https:\/\/mariaruizdeclavijo.com\/ca\/invisalign\/\",\"url\":\"https:\/\/mariaruizdeclavijo.com\/ca\/invisalign\/\",\"name\":\"Ortodoncia Invisalign - Cl\u00ednica Maria Ruiz de Clavijo\",\"isPartOf\":{\"@id\":\"https:\/\/mariaruizdeclavijo.com\/#website\"},\"datePublished\":\"2019-11-28T12:59:49+00:00\",\"dateModified\":\"2020-01-28T17:11:00+00:00\",\"description\":\"\u00bfPensando en mejorar la est\u00e9tica de tus dientes? El tratamiento de ortodoncia Invisalign te permite seguir viviendo el d\u00eda a d\u00eda. \u00a1Desc\u00fabrelo!\",\"breadcrumb\":{\"@id\":\"https:\/\/mariaruizdeclavijo.com\/ca\/invisalign\/#breadcrumb\"},\"inLanguage\":\"ca\",\"potentialAction\":[{\"@type\":\"ReadAction\",\"target\":[\"https:\/\/mariaruizdeclavijo.com\/ca\/invisalign\/\"]}]},{\"@type\":\"BreadcrumbList\",\"@id\":\"https:\/\/mariaruizdeclavijo.com\/ca\/invisalign\/#breadcrumb\",\"itemListElement\":[{\"@type\":\"ListItem\",\"position\":1,\"name\":\"Portada\",\"item\":\"https:\/\/mariaruizdeclavijo.com\/\"},{\"@type\":\"ListItem\",\"position\":2,\"name\":\"Invisalign\"}]},{\"@type\":\"WebSite\",\"@id\":\"https:\/\/mariaruizdeclavijo.com\/#website\",\"url\":\"https:\/\/mariaruizdeclavijo.com\/\",\"name\":\"Maria Ruiz de Clavijo\",\"description\":\"Cl\u00ednica d&#039;Ortod\u00f2ncia\",\"potentialAction\":[{\"@type\":\"SearchAction\",\"target\":{\"@type\":\"EntryPoint\",\"urlTemplate\":\"https:\/\/mariaruizdeclavijo.com\/?s={search_term_string}\"},\"query-input\":\"required name=search_term_string\"}],\"inLanguage\":\"ca\"}]}<\/script>\n<!-- \/ Yoast SEO plugin. -->","yoast_head_json":{"title":"Ortodoncia Invisalign - Cl\u00ednica Maria Ruiz de Clavijo","description":"\u00bfPensando en mejorar la est\u00e9tica de tus dientes? El tratamiento de ortodoncia Invisalign te permite seguir viviendo el d\u00eda a d\u00eda. \u00a1Desc\u00fabrelo!","robots":{"index":"index","follow":"follow","max-snippet":"max-snippet:-1","max-image-preview":"max-image-preview:large","max-video-preview":"max-video-preview:-1"},"canonical":"https:\/\/mariaruizdeclavijo.com\/ca\/invisalign\/","og_locale":"ca_ES","og_type":"article","og_title":"Ortodoncia Invisalign - Cl\u00ednica Maria Ruiz de Clavijo","og_description":"\u00bfPensando en mejorar la est\u00e9tica de tus dientes? El tratamiento de ortodoncia Invisalign te permite seguir viviendo el d\u00eda a d\u00eda. \u00a1Desc\u00fabrelo!","og_url":"https:\/\/mariaruizdeclavijo.com\/ca\/invisalign\/","og_site_name":"Maria Ruiz de Clavijo","article_modified_time":"2020-01-28T17:11:00+00:00","twitter_card":"summary_large_image","twitter_misc":{"Temps estimat de lectura":"2 minuts"},"schema":{"@context":"https:\/\/schema.org","@graph":[{"@type":"WebPage","@id":"https:\/\/mariaruizdeclavijo.com\/ca\/invisalign\/","url":"https:\/\/mariaruizdeclavijo.com\/ca\/invisalign\/","name":"Ortodoncia Invisalign - Cl\u00ednica Maria Ruiz de Clavijo","isPartOf":{"@id":"https:\/\/mariaruizdeclavijo.com\/#website"},"datePublished":"2019-11-28T12:59:49+00:00","dateModified":"2020-01-28T17:11:00+00:00","description":"\u00bfPensando en mejorar la est\u00e9tica de tus dientes? El tratamiento de ortodoncia Invisalign te permite seguir viviendo el d\u00eda a d\u00eda. \u00a1Desc\u00fabrelo!","breadcrumb":{"@id":"https:\/\/mariaruizdeclavijo.com\/ca\/invisalign\/#breadcrumb"},"inLanguage":"ca","potentialAction":[{"@type":"ReadAction","target":["https:\/\/mariaruizdeclavijo.com\/ca\/invisalign\/"]}]},{"@type":"BreadcrumbList","@id":"https:\/\/mariaruizdeclavijo.com\/ca\/invisalign\/#breadcrumb","itemListElement":[{"@type":"ListItem","position":1,"name":"Portada","item":"https:\/\/mariaruizdeclavijo.com\/"},{"@type":"ListItem","position":2,"name":"Invisalign"}]},{"@type":"WebSite","@id":"https:\/\/mariaruizdeclavijo.com\/#website","url":"https:\/\/mariaruizdeclavijo.com\/","name":"Maria Ruiz de Clavijo","description":"Cl\u00ednica d&#039;Ortod\u00f2ncia","potentialAction":[{"@type":"SearchAction","target":{"@type":"EntryPoint","urlTemplate":"https:\/\/mariaruizdeclavijo.com\/?s={search_term_string}"},"query-input":"required name=search_term_string"}],"inLanguage":"ca"}]}},"_links":{"self":[{"href":"https:\/\/mariaruizdeclavijo.com\/ca\/wp-json\/wp\/v2\/pages\/508","targetHints":{"allow":["GET"]}}],"collection":[{"href":"https:\/\/mariaruizdeclavijo.com\/ca\/wp-json\/wp\/v2\/pages"}],"about":[{"href":"https:\/\/mariaruizdeclavijo.com\/ca\/wp-json\/wp\/v2\/types\/page"}],"author":[{"embeddable":true,"href":"https:\/\/mariaruizdeclavijo.com\/ca\/wp-json\/wp\/v2\/users\/2"}],"replies":[{"embeddable":true,"href":"https:\/\/mariaruizdeclavijo.com\/ca\/wp-json\/wp\/v2\/comments?post=508"}],"version-history":[{"count":23,"href":"https:\/\/mariaruizdeclavijo.com\/ca\/wp-json\/wp\/v2\/pages\/508\/revisions"}],"predecessor-version":[{"id":976,"href":"https:\/\/mariaruizdeclavijo.com\/ca\/wp-json\/wp\/v2\/pages\/508\/revisions\/976"}],"wp:attachment":[{"href":"https:\/\/mariaruizdeclavijo.com\/ca\/wp-json\/wp\/v2\/media?parent=508"}],"curies":[{"name":"wp","href":"https:\/\/api.w.org\/{rel}","templated":true}]}}