{"id":510,"date":"2019-11-27T09:50:56","date_gmt":"2019-11-27T09:50:56","guid":{"rendered":"http:\/\/mariaruizdeclavijo.com\/ca\/?page_id=510"},"modified":"2020-01-28T17:28:32","modified_gmt":"2020-01-28T17:28:32","slug":"periodoncia","status":"publish","type":"page","link":"https:\/\/mariaruizdeclavijo.com\/ca\/periodoncia\/","title":{"rendered":"Period\u00f2ncia"},"content":{"rendered":"<div data-vc-full-width=\"true\" data-vc-full-width-init=\"false\" data-vc-stretch-content=\"true\" class=\"vc_row wpb_row vc_row-fluid vc_custom_1580232489153 vc_row-has-fill\"><div class=\"wpb_column vc_column_container vc_col-sm-4\"><div class=\"vc_column-inner\"><div class=\"wpb_wrapper\"><\/div><\/div><\/div><div class=\"wpb_column vc_column_container vc_col-sm-4\"><div class=\"vc_column-inner\"><div class=\"wpb_wrapper\"><div class=\"vc_empty_space\"  style=\"height: 120px\" ><span class=\"vc_empty_space_inner\"><\/span><\/div>\n\n\t<div class=\"wpb_text_column wpb_content_element  vc_custom_1576672417394\">\n\t\t<div class=\"wpb_wrapper\">\n\t\t\t<p style=\"font-size: 58px; line-height: 60px; color: #ffffff; text-align: center;\">Period\u00f2ncia<\/p>\n\n\t\t<\/div>\n\t<\/div>\n<div class=\"vc_empty_space\"  style=\"height: 100px\" ><span class=\"vc_empty_space_inner\"><\/span><\/div>\n<\/div><\/div><\/div><div class=\"wpb_column vc_column_container vc_col-sm-4\"><div class=\"vc_column-inner\"><div class=\"wpb_wrapper\"><\/div><\/div><\/div><\/div><div class=\"vc_row-full-width vc_clearfix\"><\/div><div class=\"vc_row wpb_row vc_row-fluid\"><div class=\"wpb_column vc_column_container vc_col-sm-2\"><div class=\"vc_column-inner\"><div class=\"wpb_wrapper\"><\/div><\/div><\/div><div class=\"wpb_column vc_column_container vc_col-sm-8\"><div class=\"vc_column-inner\"><div class=\"wpb_wrapper\"><div class=\"vc_empty_space\"  style=\"height: 50px\" ><span class=\"vc_empty_space_inner\"><\/span><\/div>\n\n\t<div class=\"wpb_text_column wpb_content_element\">\n\t\t<div class=\"wpb_wrapper\">\n\t\t\t<p>Les malalties periodontals s\u00f3n <strong>patologies que afecten al periodonci<\/strong>, \u00e9s a dir, als teixits que sostenen les dents, i s\u00f3n <strong>patologies infeccioses, causades per bacteris<\/strong>.<\/p>\n<p><strong>Diagn\u00f2stic:<\/strong><\/p>\n<p>Les malalties periodontals <strong>no acostumen a causar dolor o mol\u00e8sties intenses<\/strong>. El s\u00edmptoma m\u00e9s freq\u00fcent \u00e9s el <strong>sagnat espontani o durant el raspallat<\/strong>.<\/p>\n<p>Tamb\u00e9 pot apar\u00e8ixer <strong>pus en la geniva, mal sabor o mala olor de boca, enrogiment de les genives<\/strong> i aspecte de dent llarga, aparici\u00f3 d'espais interdentals, dolor o mobilitat de les dents.<\/p>\n<p>En qualsevol cas, <strong>un diagn\u00f2stic encertat nom\u00e9s el poden fer el dentista, l'higienista o el periodontista<\/strong>.<\/p>\n<p>A <strong>la nostra cl\u00ednica, tenim especialistes en period\u00f2ncia<\/strong>, que realitzen qualsevol tractament periodontal o cirurgia, fent un diagn\u00f2stic detallat i personalitzat dels nostres pacients.<\/p>\n<ul>\n<li>RASPATS<\/li>\n<li>CIRURGIES PERIODONTALS<\/li>\n<li>EMPELTS<\/li>\n<\/ul>\n\n\t\t<\/div>\n\t<\/div>\n<div class=\"vc_empty_space\"  style=\"height: 30px\" ><span class=\"vc_empty_space_inner\"><\/span><\/div>\n<div class=\"vc_btn3-container vc_btn3-center\"><a class=\"vc_general vc_btn3 vc_btn3-size-md vc_btn3-shape-rounded vc_btn3-style-modern vc_btn3-color-black\" href=\"https:\/\/mariaruizdeclavijo.com\/ca\/contacta-con-nosotros\/\" title=\"\">Demana informaci\u00f3<\/a><\/div>\n<div class=\"vc_empty_space\"  style=\"height: 50px\" ><span class=\"vc_empty_space_inner\"><\/span><\/div>\n<\/div><\/div><\/div><div class=\"wpb_column vc_column_container vc_col-sm-2\"><div class=\"vc_column-inner\"><div class=\"wpb_wrapper\"><\/div><\/div><\/div><\/div><div class=\"vc_row wpb_row vc_row-fluid\"><div class=\"wpb_column vc_column_container vc_col-sm-12\"><div class=\"vc_column-inner\"><div class=\"wpb_wrapper\">\n\t<div class=\"wpb_text_column wpb_content_element\">\n\t\t<div class=\"wpb_wrapper\">\n\t\t\t\n\t\t<\/div>\n\t<\/div>\n<\/div><\/div><\/div><\/div>","protected":false},"excerpt":{"rendered":"Periodoncia Las dolencias periodontales son patolog\u00edas que afectan al periodonto, es decir a los tejidos que sostienen los dientes, son patolog\u00edas infecciosas, causadas por bacterias. Diagn\u00f3stico: Las dolencias periodontales no acostumbran a causar dolor o molestias intensas. El s\u00edntoma m\u00e1s frecuente es lo sangrado espont\u00e1neo o durante el cepillado. Tambi\u00e9n puede aparecer pus en la<a href=\"https:\/\/mariaruizdeclavijo.com\/ca\/periodoncia\/\">[...]<\/a>","protected":false},"author":2,"featured_media":0,"parent":0,"menu_order":0,"comment_status":"closed","ping_status":"closed","template":"template-fullwidth.php","meta":{"footnotes":""},"class_list":["post-510","page","type-page","status-publish","hentry"],"yoast_head":"<!-- This site is optimized with the Yoast SEO plugin v19.6.1 - https:\/\/yoast.com\/wordpress\/plugins\/seo\/ -->\n<title>Periodoncia - Maria Ruiz de Clavijo<\/title>\n<meta name=\"description\" content=\"La periodoncia estudia las patolog\u00edas que afectan a los tejidos de los dientes. Si sangras durante el cepillado o tienes molestias, no dudes en visitarnos.\" \/>\n<meta name=\"robots\" content=\"index, follow, max-snippet:-1, max-image-preview:large, max-video-preview:-1\" \/>\n<link rel=\"canonical\" href=\"https:\/\/mariaruizdeclavijo.com\/ca\/periodoncia\/\" \/>\n<meta property=\"og:locale\" content=\"ca_ES\" \/>\n<meta property=\"og:type\" content=\"article\" \/>\n<meta property=\"og:title\" content=\"Periodoncia - Maria Ruiz de Clavijo\" \/>\n<meta property=\"og:description\" content=\"La periodoncia estudia las patolog\u00edas que afectan a los tejidos de los dientes. Si sangras durante el cepillado o tienes molestias, no dudes en visitarnos.\" \/>\n<meta property=\"og:url\" content=\"https:\/\/mariaruizdeclavijo.com\/ca\/periodoncia\/\" \/>\n<meta property=\"og:site_name\" content=\"Maria Ruiz de Clavijo\" \/>\n<meta property=\"article:modified_time\" content=\"2020-01-28T17:28:32+00:00\" \/>\n<meta name=\"twitter:card\" content=\"summary_large_image\" \/>\n<meta name=\"twitter:label1\" content=\"Temps estimat de lectura\" \/>\n\t<meta name=\"twitter:data1\" content=\"1 minut\" \/>\n<script type=\"application\/ld+json\" class=\"yoast-schema-graph\">{\"@context\":\"https:\/\/schema.org\",\"@graph\":[{\"@type\":\"WebPage\",\"@id\":\"https:\/\/mariaruizdeclavijo.com\/periodoncia\/\",\"url\":\"https:\/\/mariaruizdeclavijo.com\/periodoncia\/\",\"name\":\"Periodoncia - Maria Ruiz de Clavijo\",\"isPartOf\":{\"@id\":\"https:\/\/mariaruizdeclavijo.com\/#website\"},\"datePublished\":\"2019-11-27T09:50:56+00:00\",\"dateModified\":\"2020-01-28T17:28:32+00:00\",\"description\":\"La periodoncia estudia las patolog\u00edas que afectan a los tejidos de los dientes. Si sangras durante el cepillado o tienes molestias, no dudes en visitarnos.\",\"breadcrumb\":{\"@id\":\"https:\/\/mariaruizdeclavijo.com\/periodoncia\/#breadcrumb\"},\"inLanguage\":\"ca\",\"potentialAction\":[{\"@type\":\"ReadAction\",\"target\":[\"https:\/\/mariaruizdeclavijo.com\/periodoncia\/\"]}]},{\"@type\":\"BreadcrumbList\",\"@id\":\"https:\/\/mariaruizdeclavijo.com\/periodoncia\/#breadcrumb\",\"itemListElement\":[{\"@type\":\"ListItem\",\"position\":1,\"name\":\"Portada\",\"item\":\"https:\/\/mariaruizdeclavijo.com\/\"},{\"@type\":\"ListItem\",\"position\":2,\"name\":\"Periodoncia\"}]},{\"@type\":\"WebSite\",\"@id\":\"https:\/\/mariaruizdeclavijo.com\/#website\",\"url\":\"https:\/\/mariaruizdeclavijo.com\/\",\"name\":\"Maria Ruiz de Clavijo\",\"description\":\"Cl\u00ednica d&#039;Ortod\u00f2ncia\",\"potentialAction\":[{\"@type\":\"SearchAction\",\"target\":{\"@type\":\"EntryPoint\",\"urlTemplate\":\"https:\/\/mariaruizdeclavijo.com\/?s={search_term_string}\"},\"query-input\":\"required name=search_term_string\"}],\"inLanguage\":\"ca\"}]}<\/script>\n<!-- \/ Yoast SEO plugin. -->","yoast_head_json":{"title":"Periodoncia - Maria Ruiz de Clavijo","description":"La periodoncia estudia las patolog\u00edas que afectan a los tejidos de los dientes. Si sangras durante el cepillado o tienes molestias, no dudes en visitarnos.","robots":{"index":"index","follow":"follow","max-snippet":"max-snippet:-1","max-image-preview":"max-image-preview:large","max-video-preview":"max-video-preview:-1"},"canonical":"https:\/\/mariaruizdeclavijo.com\/ca\/periodoncia\/","og_locale":"ca_ES","og_type":"article","og_title":"Periodoncia - Maria Ruiz de Clavijo","og_description":"La periodoncia estudia las patolog\u00edas que afectan a los tejidos de los dientes. Si sangras durante el cepillado o tienes molestias, no dudes en visitarnos.","og_url":"https:\/\/mariaruizdeclavijo.com\/ca\/periodoncia\/","og_site_name":"Maria Ruiz de Clavijo","article_modified_time":"2020-01-28T17:28:32+00:00","twitter_card":"summary_large_image","twitter_misc":{"Temps estimat de lectura":"1 minut"},"schema":{"@context":"https:\/\/schema.org","@graph":[{"@type":"WebPage","@id":"https:\/\/mariaruizdeclavijo.com\/periodoncia\/","url":"https:\/\/mariaruizdeclavijo.com\/periodoncia\/","name":"Periodoncia - Maria Ruiz de Clavijo","isPartOf":{"@id":"https:\/\/mariaruizdeclavijo.com\/#website"},"datePublished":"2019-11-27T09:50:56+00:00","dateModified":"2020-01-28T17:28:32+00:00","description":"La periodoncia estudia las patolog\u00edas que afectan a los tejidos de los dientes. Si sangras durante el cepillado o tienes molestias, no dudes en visitarnos.","breadcrumb":{"@id":"https:\/\/mariaruizdeclavijo.com\/periodoncia\/#breadcrumb"},"inLanguage":"ca","potentialAction":[{"@type":"ReadAction","target":["https:\/\/mariaruizdeclavijo.com\/periodoncia\/"]}]},{"@type":"BreadcrumbList","@id":"https:\/\/mariaruizdeclavijo.com\/periodoncia\/#breadcrumb","itemListElement":[{"@type":"ListItem","position":1,"name":"Portada","item":"https:\/\/mariaruizdeclavijo.com\/"},{"@type":"ListItem","position":2,"name":"Periodoncia"}]},{"@type":"WebSite","@id":"https:\/\/mariaruizdeclavijo.com\/#website","url":"https:\/\/mariaruizdeclavijo.com\/","name":"Maria Ruiz de Clavijo","description":"Cl\u00ednica d&#039;Ortod\u00f2ncia","potentialAction":[{"@type":"SearchAction","target":{"@type":"EntryPoint","urlTemplate":"https:\/\/mariaruizdeclavijo.com\/?s={search_term_string}"},"query-input":"required name=search_term_string"}],"inLanguage":"ca"}]}},"_links":{"self":[{"href":"https:\/\/mariaruizdeclavijo.com\/ca\/wp-json\/wp\/v2\/pages\/510","targetHints":{"allow":["GET"]}}],"collection":[{"href":"https:\/\/mariaruizdeclavijo.com\/ca\/wp-json\/wp\/v2\/pages"}],"about":[{"href":"https:\/\/mariaruizdeclavijo.com\/ca\/wp-json\/wp\/v2\/types\/page"}],"author":[{"embeddable":true,"href":"https:\/\/mariaruizdeclavijo.com\/ca\/wp-json\/wp\/v2\/users\/2"}],"replies":[{"embeddable":true,"href":"https:\/\/mariaruizdeclavijo.com\/ca\/wp-json\/wp\/v2\/comments?post=510"}],"version-history":[{"count":22,"href":"https:\/\/mariaruizdeclavijo.com\/ca\/wp-json\/wp\/v2\/pages\/510\/revisions"}],"predecessor-version":[{"id":980,"href":"https:\/\/mariaruizdeclavijo.com\/ca\/wp-json\/wp\/v2\/pages\/510\/revisions\/980"}],"wp:attachment":[{"href":"https:\/\/mariaruizdeclavijo.com\/ca\/wp-json\/wp\/v2\/media?parent=510"}],"curies":[{"name":"wp","href":"https:\/\/api.w.org\/{rel}","templated":true}]}}