{"id":513,"date":"2019-11-27T18:48:53","date_gmt":"2019-11-27T18:48:53","guid":{"rendered":"http:\/\/mariaruizdeclavijo.com\/ca\/?page_id=513"},"modified":"2020-01-28T18:15:37","modified_gmt":"2020-01-28T18:15:37","slug":"estetica-dental","status":"publish","type":"page","link":"https:\/\/mariaruizdeclavijo.com\/ca\/estetica-dental\/","title":{"rendered":"Est\u00e8tica Dental"},"content":{"rendered":"<div data-vc-full-width=\"true\" data-vc-full-width-init=\"false\" data-vc-stretch-content=\"true\" class=\"vc_row wpb_row vc_row-fluid vc_custom_1580235330600 vc_row-has-fill\"><div class=\"wpb_column vc_column_container vc_col-sm-4\"><div class=\"vc_column-inner\"><div class=\"wpb_wrapper\"><\/div><\/div><\/div><div class=\"wpb_column vc_column_container vc_col-sm-4\"><div class=\"vc_column-inner\"><div class=\"wpb_wrapper\"><div class=\"vc_empty_space\"  style=\"height: 120px\" ><span class=\"vc_empty_space_inner\"><\/span><\/div>\n\n\t<div class=\"wpb_text_column wpb_content_element  vc_custom_1576670039084\">\n\t\t<div class=\"wpb_wrapper\">\n\t\t\t<p style=\"font-size: 58px; line-height: 60px; color: #ffffff; text-align: center;\">Est\u00e8tica Dental<\/p>\n\n\t\t<\/div>\n\t<\/div>\n<div class=\"vc_empty_space\"  style=\"height: 100px\" ><span class=\"vc_empty_space_inner\"><\/span><\/div>\n<\/div><\/div><\/div><div class=\"wpb_column vc_column_container vc_col-sm-4\"><div class=\"vc_column-inner\"><div class=\"wpb_wrapper\"><\/div><\/div><\/div><\/div><div class=\"vc_row-full-width vc_clearfix\"><\/div><div class=\"vc_row wpb_row vc_row-fluid\"><div class=\"wpb_column vc_column_container vc_col-sm-2\"><div class=\"vc_column-inner\"><div class=\"wpb_wrapper\"><\/div><\/div><\/div><div class=\"wpb_column vc_column_container vc_col-sm-8\"><div class=\"vc_column-inner\"><div class=\"wpb_wrapper\"><div class=\"vc_empty_space\"  style=\"height: 50px\" ><span class=\"vc_empty_space_inner\"><\/span><\/div>\n\n\t<div class=\"wpb_text_column wpb_content_element\">\n\t\t<div class=\"wpb_wrapper\">\n\t\t\t<p>L'Odontologia Est\u00e8tica o Cosm\u00e8tica \u00e9s l'especialitat odontol\u00f2gica que <strong>soluciona problemes relacionats amb la salut bucal i l'harmonia est\u00e8tica de la boca<\/strong> en la seva totalitat.<\/p>\n<p>Des del punt de vista anat\u00f2mic, el somriure pot analitzar-se estudiant cadascun dels seus components, llavis, genives i dents. Estudiem les diferents possibilitats terap\u00e8utiques en Odontologia Est\u00e8tica, realitzant un estudi personal de cada cas.<\/p>\n<p><strong>Oferim diferents tipus de carilles per a la millora de l'est\u00e8tica:<\/strong><\/p>\n<ul>\n<li>CARILLES DE ZIRCONI<\/li>\n<li>CARILLES EST\u00c8TIQUES DE COMPOSITE<\/li>\n<li>CARILLES DE PORCELLANA<\/li>\n<\/ul>\n\n\t\t<\/div>\n\t<\/div>\n<div class=\"vc_empty_space\"  style=\"height: 30px\" ><span class=\"vc_empty_space_inner\"><\/span><\/div>\n<div class=\"vc_btn3-container vc_btn3-center\"><a class=\"vc_general vc_btn3 vc_btn3-size-md vc_btn3-shape-rounded vc_btn3-style-modern vc_btn3-color-black\" href=\"https:\/\/mariaruizdeclavijo.com\/ca\/contacta-con-nosotros\/\" title=\"\">Demana informaci\u00f3<\/a><\/div>\n<div class=\"vc_empty_space\"  style=\"height: 50px\" ><span class=\"vc_empty_space_inner\"><\/span><\/div>\n<\/div><\/div><\/div><div class=\"wpb_column vc_column_container vc_col-sm-2\"><div class=\"vc_column-inner\"><div class=\"wpb_wrapper\"><\/div><\/div><\/div><\/div><div class=\"vc_row wpb_row vc_row-fluid\"><div class=\"wpb_column vc_column_container vc_col-sm-12\"><div class=\"vc_column-inner\"><div class=\"wpb_wrapper\">\n\t<div class=\"wpb_text_column wpb_content_element\">\n\t\t<div class=\"wpb_wrapper\">\n\t\t\t\n\t\t<\/div>\n\t<\/div>\n<\/div><\/div><\/div><\/div>","protected":false},"excerpt":{"rendered":"Est\u00e9tica Dental La Odontolog\u00eda Est\u00e9tica o Cosm\u00e9tica es la especialidad odontol\u00f3gica que soluciona problemas relacionados con la salud bucal y la armon\u00eda est\u00e9tica de la boca en su totalidad. Desde el punto de vista anat\u00f3mico, la sonrisa puede analizarse estudiando cada uno de sus componentes, labios, enc\u00edas y dientes.\u00a0Estudiamos las diferentes posibilidades terap\u00e9uticas en Odontolog\u00eda<a href=\"https:\/\/mariaruizdeclavijo.com\/ca\/estetica-dental\/\">[...]<\/a>","protected":false},"author":2,"featured_media":0,"parent":0,"menu_order":0,"comment_status":"closed","ping_status":"closed","template":"template-fullwidth.php","meta":{"footnotes":""},"class_list":["post-513","page","type-page","status-publish","hentry"],"yoast_head":"<!-- This site is optimized with the Yoast SEO plugin v19.6.1 - https:\/\/yoast.com\/wordpress\/plugins\/seo\/ -->\n<title>Est\u00e9tica Dental - Maria Ruiz de Clavijo<\/title>\n<meta name=\"description\" content=\"\u00bfTe gustar\u00eda mejorar la salud y la est\u00e9tica de tu boca? Gracias a las carillas, puedes mejorar la armon\u00eda de tus dientes y conseguir una bonita sonrisa.\" \/>\n<meta name=\"robots\" content=\"index, follow, max-snippet:-1, max-image-preview:large, max-video-preview:-1\" \/>\n<link rel=\"canonical\" href=\"https:\/\/mariaruizdeclavijo.com\/ca\/estetica-dental\/\" \/>\n<meta property=\"og:locale\" content=\"ca_ES\" \/>\n<meta property=\"og:type\" content=\"article\" \/>\n<meta property=\"og:title\" content=\"Est\u00e9tica Dental - Maria Ruiz de Clavijo\" \/>\n<meta property=\"og:description\" content=\"\u00bfTe gustar\u00eda mejorar la salud y la est\u00e9tica de tu boca? Gracias a las carillas, puedes mejorar la armon\u00eda de tus dientes y conseguir una bonita sonrisa.\" \/>\n<meta property=\"og:url\" content=\"https:\/\/mariaruizdeclavijo.com\/ca\/estetica-dental\/\" \/>\n<meta property=\"og:site_name\" content=\"Maria Ruiz de Clavijo\" \/>\n<meta property=\"article:modified_time\" content=\"2020-01-28T18:15:37+00:00\" \/>\n<meta name=\"twitter:card\" content=\"summary_large_image\" \/>\n<meta name=\"twitter:label1\" content=\"Temps estimat de lectura\" \/>\n\t<meta name=\"twitter:data1\" content=\"1 minut\" \/>\n<script type=\"application\/ld+json\" class=\"yoast-schema-graph\">{\"@context\":\"https:\/\/schema.org\",\"@graph\":[{\"@type\":\"WebPage\",\"@id\":\"https:\/\/mariaruizdeclavijo.com\/estetica-dental\/\",\"url\":\"https:\/\/mariaruizdeclavijo.com\/estetica-dental\/\",\"name\":\"Est\u00e9tica Dental - Maria Ruiz de Clavijo\",\"isPartOf\":{\"@id\":\"https:\/\/mariaruizdeclavijo.com\/#website\"},\"datePublished\":\"2019-11-27T18:48:53+00:00\",\"dateModified\":\"2020-01-28T18:15:37+00:00\",\"description\":\"\u00bfTe gustar\u00eda mejorar la salud y la est\u00e9tica de tu boca? Gracias a las carillas, puedes mejorar la armon\u00eda de tus dientes y conseguir una bonita sonrisa.\",\"breadcrumb\":{\"@id\":\"https:\/\/mariaruizdeclavijo.com\/estetica-dental\/#breadcrumb\"},\"inLanguage\":\"ca\",\"potentialAction\":[{\"@type\":\"ReadAction\",\"target\":[\"https:\/\/mariaruizdeclavijo.com\/estetica-dental\/\"]}]},{\"@type\":\"BreadcrumbList\",\"@id\":\"https:\/\/mariaruizdeclavijo.com\/estetica-dental\/#breadcrumb\",\"itemListElement\":[{\"@type\":\"ListItem\",\"position\":1,\"name\":\"Portada\",\"item\":\"https:\/\/mariaruizdeclavijo.com\/\"},{\"@type\":\"ListItem\",\"position\":2,\"name\":\"Est\u00e9tica Dental\"}]},{\"@type\":\"WebSite\",\"@id\":\"https:\/\/mariaruizdeclavijo.com\/#website\",\"url\":\"https:\/\/mariaruizdeclavijo.com\/\",\"name\":\"Maria Ruiz de Clavijo\",\"description\":\"Cl\u00ednica d&#039;Ortod\u00f2ncia\",\"potentialAction\":[{\"@type\":\"SearchAction\",\"target\":{\"@type\":\"EntryPoint\",\"urlTemplate\":\"https:\/\/mariaruizdeclavijo.com\/?s={search_term_string}\"},\"query-input\":\"required name=search_term_string\"}],\"inLanguage\":\"ca\"}]}<\/script>\n<!-- \/ Yoast SEO plugin. -->","yoast_head_json":{"title":"Est\u00e9tica Dental - Maria Ruiz de Clavijo","description":"\u00bfTe gustar\u00eda mejorar la salud y la est\u00e9tica de tu boca? Gracias a las carillas, puedes mejorar la armon\u00eda de tus dientes y conseguir una bonita sonrisa.","robots":{"index":"index","follow":"follow","max-snippet":"max-snippet:-1","max-image-preview":"max-image-preview:large","max-video-preview":"max-video-preview:-1"},"canonical":"https:\/\/mariaruizdeclavijo.com\/ca\/estetica-dental\/","og_locale":"ca_ES","og_type":"article","og_title":"Est\u00e9tica Dental - Maria Ruiz de Clavijo","og_description":"\u00bfTe gustar\u00eda mejorar la salud y la est\u00e9tica de tu boca? Gracias a las carillas, puedes mejorar la armon\u00eda de tus dientes y conseguir una bonita sonrisa.","og_url":"https:\/\/mariaruizdeclavijo.com\/ca\/estetica-dental\/","og_site_name":"Maria Ruiz de Clavijo","article_modified_time":"2020-01-28T18:15:37+00:00","twitter_card":"summary_large_image","twitter_misc":{"Temps estimat de lectura":"1 minut"},"schema":{"@context":"https:\/\/schema.org","@graph":[{"@type":"WebPage","@id":"https:\/\/mariaruizdeclavijo.com\/estetica-dental\/","url":"https:\/\/mariaruizdeclavijo.com\/estetica-dental\/","name":"Est\u00e9tica Dental - Maria Ruiz de Clavijo","isPartOf":{"@id":"https:\/\/mariaruizdeclavijo.com\/#website"},"datePublished":"2019-11-27T18:48:53+00:00","dateModified":"2020-01-28T18:15:37+00:00","description":"\u00bfTe gustar\u00eda mejorar la salud y la est\u00e9tica de tu boca? Gracias a las carillas, puedes mejorar la armon\u00eda de tus dientes y conseguir una bonita sonrisa.","breadcrumb":{"@id":"https:\/\/mariaruizdeclavijo.com\/estetica-dental\/#breadcrumb"},"inLanguage":"ca","potentialAction":[{"@type":"ReadAction","target":["https:\/\/mariaruizdeclavijo.com\/estetica-dental\/"]}]},{"@type":"BreadcrumbList","@id":"https:\/\/mariaruizdeclavijo.com\/estetica-dental\/#breadcrumb","itemListElement":[{"@type":"ListItem","position":1,"name":"Portada","item":"https:\/\/mariaruizdeclavijo.com\/"},{"@type":"ListItem","position":2,"name":"Est\u00e9tica Dental"}]},{"@type":"WebSite","@id":"https:\/\/mariaruizdeclavijo.com\/#website","url":"https:\/\/mariaruizdeclavijo.com\/","name":"Maria Ruiz de Clavijo","description":"Cl\u00ednica d&#039;Ortod\u00f2ncia","potentialAction":[{"@type":"SearchAction","target":{"@type":"EntryPoint","urlTemplate":"https:\/\/mariaruizdeclavijo.com\/?s={search_term_string}"},"query-input":"required name=search_term_string"}],"inLanguage":"ca"}]}},"_links":{"self":[{"href":"https:\/\/mariaruizdeclavijo.com\/ca\/wp-json\/wp\/v2\/pages\/513","targetHints":{"allow":["GET"]}}],"collection":[{"href":"https:\/\/mariaruizdeclavijo.com\/ca\/wp-json\/wp\/v2\/pages"}],"about":[{"href":"https:\/\/mariaruizdeclavijo.com\/ca\/wp-json\/wp\/v2\/types\/page"}],"author":[{"embeddable":true,"href":"https:\/\/mariaruizdeclavijo.com\/ca\/wp-json\/wp\/v2\/users\/2"}],"replies":[{"embeddable":true,"href":"https:\/\/mariaruizdeclavijo.com\/ca\/wp-json\/wp\/v2\/comments?post=513"}],"version-history":[{"count":21,"href":"https:\/\/mariaruizdeclavijo.com\/ca\/wp-json\/wp\/v2\/pages\/513\/revisions"}],"predecessor-version":[{"id":990,"href":"https:\/\/mariaruizdeclavijo.com\/ca\/wp-json\/wp\/v2\/pages\/513\/revisions\/990"}],"wp:attachment":[{"href":"https:\/\/mariaruizdeclavijo.com\/ca\/wp-json\/wp\/v2\/media?parent=513"}],"curies":[{"name":"wp","href":"https:\/\/api.w.org\/{rel}","templated":true}]}}