{"id":516,"date":"2019-12-13T12:47:46","date_gmt":"2019-12-13T12:47:46","guid":{"rendered":"http:\/\/mariaruizdeclavijo.com\/ca\/?page_id=516"},"modified":"2020-01-29T17:23:23","modified_gmt":"2020-01-29T17:23:23","slug":"endodoncia","status":"publish","type":"page","link":"https:\/\/mariaruizdeclavijo.com\/ca\/endodoncia\/","title":{"rendered":"Endod\u00f2ncia"},"content":{"rendered":"<div data-vc-full-width=\"true\" data-vc-full-width-init=\"false\" data-vc-stretch-content=\"true\" class=\"vc_row wpb_row vc_row-fluid vc_custom_1580315946577 vc_row-has-fill\"><div class=\"wpb_column vc_column_container vc_col-sm-4\"><div class=\"vc_column-inner\"><div class=\"wpb_wrapper\"><\/div><\/div><\/div><div class=\"wpb_column vc_column_container vc_col-sm-4\"><div class=\"vc_column-inner\"><div class=\"wpb_wrapper\"><div class=\"vc_empty_space\"  style=\"height: 120px\" ><span class=\"vc_empty_space_inner\"><\/span><\/div>\n\n\t<div class=\"wpb_text_column wpb_content_element  vc_custom_1576668176395\">\n\t\t<div class=\"wpb_wrapper\">\n\t\t\t<p style=\"font-size: 58px; line-height: 60px; color: #ffffff; text-align: center;\">Endod\u00f2ncia<\/p>\n\n\t\t<\/div>\n\t<\/div>\n<div class=\"vc_empty_space\"  style=\"height: 100px\" ><span class=\"vc_empty_space_inner\"><\/span><\/div>\n<\/div><\/div><\/div><div class=\"wpb_column vc_column_container vc_col-sm-4\"><div class=\"vc_column-inner\"><div class=\"wpb_wrapper\"><\/div><\/div><\/div><\/div><div class=\"vc_row-full-width vc_clearfix\"><\/div><div class=\"vc_row wpb_row vc_row-fluid\"><div class=\"wpb_column vc_column_container vc_col-sm-2\"><div class=\"vc_column-inner\"><div class=\"wpb_wrapper\"><\/div><\/div><\/div><div class=\"wpb_column vc_column_container vc_col-sm-8\"><div class=\"vc_column-inner\"><div class=\"wpb_wrapper\"><div class=\"vc_empty_space\"  style=\"height: 50px\" ><span class=\"vc_empty_space_inner\"><\/span><\/div>\n\n\t<div class=\"wpb_text_column wpb_content_element\">\n\t\t<div class=\"wpb_wrapper\">\n\t\t\t<p>Es denomina Endod\u00f2ncia, d'endo (interior) i doncia (dent) un tipus de tractament que es realitza en odontologia.<\/p>\n<p>Consisteix en\u00a0<strong>l'extirpaci\u00f3 de la polpa dental i el posterior emplenat i segellat de la cavitat pulpar\u00a0<\/strong>amb un material inert.<\/p>\n<p>Es imprescindible para poder asegurar que la lesi\u00f3n ha llegado a la pulpa y ha producido una lesi\u00f3n irreversible, aparte de otros datos sobre la anatom\u00eda, conocer si hay alguna otra afectaci\u00f3n importante como por ejemplo un absceso periapical.<\/p>\n\n\t\t<\/div>\n\t<\/div>\n<div class=\"vc_empty_space\"  style=\"height: 30px\" ><span class=\"vc_empty_space_inner\"><\/span><\/div>\n<div class=\"vc_btn3-container vc_btn3-center\"><a class=\"vc_general vc_btn3 vc_btn3-size-md vc_btn3-shape-rounded vc_btn3-style-modern vc_btn3-color-black\" href=\"https:\/\/mariaruizdeclavijo.com\/ca\/contacta-con-nosotros\/\" title=\"\">Demana informaci\u00f3<\/a><\/div>\n<div class=\"vc_empty_space\"  style=\"height: 50px\" ><span class=\"vc_empty_space_inner\"><\/span><\/div>\n<\/div><\/div><\/div><div class=\"wpb_column vc_column_container vc_col-sm-2\"><div class=\"vc_column-inner\"><div class=\"wpb_wrapper\"><\/div><\/div><\/div><\/div><div class=\"vc_row wpb_row vc_row-fluid\"><div class=\"wpb_column vc_column_container vc_col-sm-12\"><div class=\"vc_column-inner\"><div class=\"wpb_wrapper\">\n\t<div class=\"wpb_text_column wpb_content_element\">\n\t\t<div class=\"wpb_wrapper\">\n\t\t\t<div id=\"ritekit-alerts\"><\/div>\n\n\t\t<\/div>\n\t<\/div>\n<\/div><\/div><\/div><\/div>","protected":false},"excerpt":{"rendered":"Endodoncia Se denomina Endodoncia, de endo (interior) y doncia (diente) un tipo de tratamiento que se realiza en odontolog\u00eda. Consiste en la\u00a0extirpaci\u00f3n de la pulpa dental y el posterior rellenado y sellado de la cavidad pulpar\u00a0con un material inerte. Es imprescindible para poder asegurar que la lesi\u00f3n ha llegado a la pulpa y ha producido<a href=\"https:\/\/mariaruizdeclavijo.com\/ca\/endodoncia\/\">[...]<\/a>","protected":false},"author":2,"featured_media":0,"parent":0,"menu_order":0,"comment_status":"closed","ping_status":"closed","template":"template-fullwidth.php","meta":{"footnotes":""},"class_list":["post-516","page","type-page","status-publish","hentry"],"yoast_head":"<!-- This site is optimized with the Yoast SEO plugin v19.6.1 - https:\/\/yoast.com\/wordpress\/plugins\/seo\/ -->\n<title>Endodoncia - Cl\u00ednica Maria Ruiz de Clavijo<\/title>\n<meta name=\"description\" content=\"\u00bfTienes dolor en los dientes? Si las enfermedades dentales han llegado a los nervios, es posible que necesites un tratamiento de endodoncia. \u00a1Inf\u00f3rmate!\" \/>\n<meta name=\"robots\" content=\"index, follow, max-snippet:-1, max-image-preview:large, max-video-preview:-1\" \/>\n<link rel=\"canonical\" href=\"https:\/\/mariaruizdeclavijo.com\/ca\/endodoncia\/\" \/>\n<meta property=\"og:locale\" content=\"ca_ES\" \/>\n<meta property=\"og:type\" content=\"article\" \/>\n<meta property=\"og:title\" content=\"Endodoncia - Cl\u00ednica Maria Ruiz de Clavijo\" \/>\n<meta property=\"og:description\" content=\"\u00bfTienes dolor en los dientes? Si las enfermedades dentales han llegado a los nervios, es posible que necesites un tratamiento de endodoncia. \u00a1Inf\u00f3rmate!\" \/>\n<meta property=\"og:url\" content=\"https:\/\/mariaruizdeclavijo.com\/ca\/endodoncia\/\" \/>\n<meta property=\"og:site_name\" content=\"Maria Ruiz de Clavijo\" \/>\n<meta property=\"article:modified_time\" content=\"2020-01-29T17:23:23+00:00\" \/>\n<meta name=\"twitter:card\" content=\"summary_large_image\" \/>\n<meta name=\"twitter:label1\" content=\"Temps estimat de lectura\" \/>\n\t<meta name=\"twitter:data1\" content=\"1 minut\" \/>\n<script type=\"application\/ld+json\" class=\"yoast-schema-graph\">{\"@context\":\"https:\/\/schema.org\",\"@graph\":[{\"@type\":\"WebPage\",\"@id\":\"https:\/\/mariaruizdeclavijo.com\/endodoncia\/\",\"url\":\"https:\/\/mariaruizdeclavijo.com\/endodoncia\/\",\"name\":\"Endodoncia - Cl\u00ednica Maria Ruiz de Clavijo\",\"isPartOf\":{\"@id\":\"https:\/\/mariaruizdeclavijo.com\/#website\"},\"datePublished\":\"2019-12-13T12:47:46+00:00\",\"dateModified\":\"2020-01-29T17:23:23+00:00\",\"description\":\"\u00bfTienes dolor en los dientes? Si las enfermedades dentales han llegado a los nervios, es posible que necesites un tratamiento de endodoncia. \u00a1Inf\u00f3rmate!\",\"breadcrumb\":{\"@id\":\"https:\/\/mariaruizdeclavijo.com\/endodoncia\/#breadcrumb\"},\"inLanguage\":\"ca\",\"potentialAction\":[{\"@type\":\"ReadAction\",\"target\":[\"https:\/\/mariaruizdeclavijo.com\/endodoncia\/\"]}]},{\"@type\":\"BreadcrumbList\",\"@id\":\"https:\/\/mariaruizdeclavijo.com\/endodoncia\/#breadcrumb\",\"itemListElement\":[{\"@type\":\"ListItem\",\"position\":1,\"name\":\"Portada\",\"item\":\"https:\/\/mariaruizdeclavijo.com\/\"},{\"@type\":\"ListItem\",\"position\":2,\"name\":\"Endodoncia\"}]},{\"@type\":\"WebSite\",\"@id\":\"https:\/\/mariaruizdeclavijo.com\/#website\",\"url\":\"https:\/\/mariaruizdeclavijo.com\/\",\"name\":\"Maria Ruiz de Clavijo\",\"description\":\"Cl\u00ednica d&#039;Ortod\u00f2ncia\",\"potentialAction\":[{\"@type\":\"SearchAction\",\"target\":{\"@type\":\"EntryPoint\",\"urlTemplate\":\"https:\/\/mariaruizdeclavijo.com\/?s={search_term_string}\"},\"query-input\":\"required name=search_term_string\"}],\"inLanguage\":\"ca\"}]}<\/script>\n<!-- \/ Yoast SEO plugin. -->","yoast_head_json":{"title":"Endodoncia - Cl\u00ednica Maria Ruiz de Clavijo","description":"\u00bfTienes dolor en los dientes? Si las enfermedades dentales han llegado a los nervios, es posible que necesites un tratamiento de endodoncia. \u00a1Inf\u00f3rmate!","robots":{"index":"index","follow":"follow","max-snippet":"max-snippet:-1","max-image-preview":"max-image-preview:large","max-video-preview":"max-video-preview:-1"},"canonical":"https:\/\/mariaruizdeclavijo.com\/ca\/endodoncia\/","og_locale":"ca_ES","og_type":"article","og_title":"Endodoncia - Cl\u00ednica Maria Ruiz de Clavijo","og_description":"\u00bfTienes dolor en los dientes? Si las enfermedades dentales han llegado a los nervios, es posible que necesites un tratamiento de endodoncia. \u00a1Inf\u00f3rmate!","og_url":"https:\/\/mariaruizdeclavijo.com\/ca\/endodoncia\/","og_site_name":"Maria Ruiz de Clavijo","article_modified_time":"2020-01-29T17:23:23+00:00","twitter_card":"summary_large_image","twitter_misc":{"Temps estimat de lectura":"1 minut"},"schema":{"@context":"https:\/\/schema.org","@graph":[{"@type":"WebPage","@id":"https:\/\/mariaruizdeclavijo.com\/endodoncia\/","url":"https:\/\/mariaruizdeclavijo.com\/endodoncia\/","name":"Endodoncia - Cl\u00ednica Maria Ruiz de Clavijo","isPartOf":{"@id":"https:\/\/mariaruizdeclavijo.com\/#website"},"datePublished":"2019-12-13T12:47:46+00:00","dateModified":"2020-01-29T17:23:23+00:00","description":"\u00bfTienes dolor en los dientes? Si las enfermedades dentales han llegado a los nervios, es posible que necesites un tratamiento de endodoncia. \u00a1Inf\u00f3rmate!","breadcrumb":{"@id":"https:\/\/mariaruizdeclavijo.com\/endodoncia\/#breadcrumb"},"inLanguage":"ca","potentialAction":[{"@type":"ReadAction","target":["https:\/\/mariaruizdeclavijo.com\/endodoncia\/"]}]},{"@type":"BreadcrumbList","@id":"https:\/\/mariaruizdeclavijo.com\/endodoncia\/#breadcrumb","itemListElement":[{"@type":"ListItem","position":1,"name":"Portada","item":"https:\/\/mariaruizdeclavijo.com\/"},{"@type":"ListItem","position":2,"name":"Endodoncia"}]},{"@type":"WebSite","@id":"https:\/\/mariaruizdeclavijo.com\/#website","url":"https:\/\/mariaruizdeclavijo.com\/","name":"Maria Ruiz de Clavijo","description":"Cl\u00ednica d&#039;Ortod\u00f2ncia","potentialAction":[{"@type":"SearchAction","target":{"@type":"EntryPoint","urlTemplate":"https:\/\/mariaruizdeclavijo.com\/?s={search_term_string}"},"query-input":"required name=search_term_string"}],"inLanguage":"ca"}]}},"_links":{"self":[{"href":"https:\/\/mariaruizdeclavijo.com\/ca\/wp-json\/wp\/v2\/pages\/516","targetHints":{"allow":["GET"]}}],"collection":[{"href":"https:\/\/mariaruizdeclavijo.com\/ca\/wp-json\/wp\/v2\/pages"}],"about":[{"href":"https:\/\/mariaruizdeclavijo.com\/ca\/wp-json\/wp\/v2\/types\/page"}],"author":[{"embeddable":true,"href":"https:\/\/mariaruizdeclavijo.com\/ca\/wp-json\/wp\/v2\/users\/2"}],"replies":[{"embeddable":true,"href":"https:\/\/mariaruizdeclavijo.com\/ca\/wp-json\/wp\/v2\/comments?post=516"}],"version-history":[{"count":15,"href":"https:\/\/mariaruizdeclavijo.com\/ca\/wp-json\/wp\/v2\/pages\/516\/revisions"}],"predecessor-version":[{"id":998,"href":"https:\/\/mariaruizdeclavijo.com\/ca\/wp-json\/wp\/v2\/pages\/516\/revisions\/998"}],"wp:attachment":[{"href":"https:\/\/mariaruizdeclavijo.com\/ca\/wp-json\/wp\/v2\/media?parent=516"}],"curies":[{"name":"wp","href":"https:\/\/api.w.org\/{rel}","templated":true}]}}