{"id":518,"date":"2019-11-29T12:03:37","date_gmt":"2019-11-29T12:03:37","guid":{"rendered":"http:\/\/mariaruizdeclavijo.com\/ca\/?page_id=518"},"modified":"2019-12-20T13:45:48","modified_gmt":"2019-12-20T13:45:48","slug":"cirugia-maxilofacial","status":"publish","type":"page","link":"https:\/\/mariaruizdeclavijo.com\/ca\/cirugia-maxilofacial\/","title":{"rendered":"Cirurgia Maxil\u00b7lofacial"},"content":{"rendered":"<div data-vc-full-width=\"true\" data-vc-full-width-init=\"false\" data-vc-stretch-content=\"true\" class=\"vc_row wpb_row vc_row-fluid vc_custom_1576842662404 vc_row-has-fill\"><div class=\"wpb_column vc_column_container vc_col-sm-4\"><div class=\"vc_column-inner\"><div class=\"wpb_wrapper\"><\/div><\/div><\/div><div class=\"wpb_column vc_column_container vc_col-sm-4\"><div class=\"vc_column-inner\"><div class=\"wpb_wrapper\"><div class=\"vc_empty_space\"  style=\"height: 120px\" ><span class=\"vc_empty_space_inner\"><\/span><\/div>\n\n\t<div class=\"wpb_text_column wpb_content_element  vc_custom_1576667394588\">\n\t\t<div class=\"wpb_wrapper\">\n\t\t\t<p style=\"font-size: 58px; line-height: 60px; color: #ffffff; text-align: center;\">Cirurgia maxil\u00b7lofacial<\/p>\n\n\t\t<\/div>\n\t<\/div>\n<div class=\"vc_empty_space\"  style=\"height: 100px\" ><span class=\"vc_empty_space_inner\"><\/span><\/div>\n<\/div><\/div><\/div><div class=\"wpb_column vc_column_container vc_col-sm-4\"><div class=\"vc_column-inner\"><div class=\"wpb_wrapper\"><\/div><\/div><\/div><\/div><div class=\"vc_row-full-width vc_clearfix\"><\/div><div class=\"vc_row wpb_row vc_row-fluid\"><div class=\"wpb_column vc_column_container vc_col-sm-2\"><div class=\"vc_column-inner\"><div class=\"wpb_wrapper\"><\/div><\/div><\/div><div class=\"wpb_column vc_column_container vc_col-sm-8\"><div class=\"vc_column-inner\"><div class=\"wpb_wrapper\"><div class=\"vc_empty_space\"  style=\"height: 50px\" ><span class=\"vc_empty_space_inner\"><\/span><\/div>\n\n\t<div class=\"wpb_text_column wpb_content_element\">\n\t\t<div class=\"wpb_wrapper\">\n\t\t\t<p>La\u00a0<strong>cirurgia maxil\u00b7lofacial\u00a0<\/strong>\u00e9s l'especialitat medicoquir\u00fargica que\u00a0<strong>tracta les intervencions que afecten la cara, el coll i el cap<\/strong>.<\/p>\n<p>Aquesta especialitat\u00a0<strong>cobreix diferents \u00e0rees depenent de la patologia<\/strong>, com la cirurgia ortogn\u00e0tica, els implants dentals, el tractament dels traumatismes i tumors. Alhora que tamb\u00e9 cobreix les extraccions de tercers molars inclosos o patol\u00f2gics (queixals del seny).<\/p>\n<ul>\n<li>CIRURGIES \u2013 IMPLANTS<\/li>\n<li>EXTRACCIONS QUIR\u00daRGIQUES<\/li>\n<li>PATOLOGIES MAXIL\u00b7LARS \u2013 MANDIBULARS<\/li>\n<\/ul>\n\n\t\t<\/div>\n\t<\/div>\n<div class=\"vc_empty_space\"  style=\"height: 30px\" ><span class=\"vc_empty_space_inner\"><\/span><\/div>\n<div class=\"vc_btn3-container vc_btn3-center\"><a class=\"vc_general vc_btn3 vc_btn3-size-md vc_btn3-shape-rounded vc_btn3-style-modern vc_btn3-color-black\" href=\"https:\/\/mariaruizdeclavijo.com\/ca\/contacta-con-nosotros\/\" title=\"\">Demana informaci\u00f3<\/a><\/div>\n<div class=\"vc_empty_space\"  style=\"height: 50px\" ><span class=\"vc_empty_space_inner\"><\/span><\/div>\n<\/div><\/div><\/div><div class=\"wpb_column vc_column_container vc_col-sm-2\"><div class=\"vc_column-inner\"><div class=\"wpb_wrapper\"><\/div><\/div><\/div><\/div>\n<div id=\"ritekit-alerts\"><\/div>\n<p>&nbsp;<\/p>","protected":false},"excerpt":{"rendered":"<p>&nbsp;<\/p>","protected":false},"author":2,"featured_media":0,"parent":0,"menu_order":0,"comment_status":"closed","ping_status":"closed","template":"template-fullwidth.php","meta":{"footnotes":""},"class_list":["post-518","page","type-page","status-publish","hentry"],"yoast_head":"<!-- This site is optimized with the Yoast SEO plugin v19.6.1 - https:\/\/yoast.com\/wordpress\/plugins\/seo\/ -->\n<title>Cirug\u00eda Maxilofacial - Cl\u00ednica Maria Ruiz de Clavijo<\/title>\n<meta name=\"description\" content=\"En nuestra cl\u00ednica disponemos de especialistas en cirug\u00eda maxilofacial, para tratar las posibles enfermedades de la estructura facial.\" \/>\n<meta name=\"robots\" content=\"index, follow, max-snippet:-1, max-image-preview:large, max-video-preview:-1\" \/>\n<link rel=\"canonical\" href=\"https:\/\/mariaruizdeclavijo.com\/ca\/cirugia-maxilofacial\/\" \/>\n<meta property=\"og:locale\" content=\"ca_ES\" \/>\n<meta property=\"og:type\" content=\"article\" \/>\n<meta property=\"og:title\" content=\"Cirug\u00eda Maxilofacial - Cl\u00ednica Maria Ruiz de Clavijo\" \/>\n<meta property=\"og:description\" content=\"En nuestra cl\u00ednica disponemos de especialistas en cirug\u00eda maxilofacial, para tratar las posibles enfermedades de la estructura facial.\" \/>\n<meta property=\"og:url\" content=\"https:\/\/mariaruizdeclavijo.com\/ca\/cirugia-maxilofacial\/\" \/>\n<meta property=\"og:site_name\" content=\"Maria Ruiz de Clavijo\" \/>\n<meta property=\"article:modified_time\" content=\"2019-12-20T13:45:48+00:00\" \/>\n<meta name=\"twitter:card\" content=\"summary_large_image\" \/>\n<meta name=\"twitter:label1\" content=\"Temps estimat de lectura\" \/>\n\t<meta name=\"twitter:data1\" content=\"1 minut\" \/>\n<script type=\"application\/ld+json\" class=\"yoast-schema-graph\">{\"@context\":\"https:\/\/schema.org\",\"@graph\":[{\"@type\":\"WebPage\",\"@id\":\"https:\/\/mariaruizdeclavijo.com\/cirugia-maxilofacial\/\",\"url\":\"https:\/\/mariaruizdeclavijo.com\/cirugia-maxilofacial\/\",\"name\":\"Cirug\u00eda Maxilofacial - Cl\u00ednica Maria Ruiz de Clavijo\",\"isPartOf\":{\"@id\":\"https:\/\/mariaruizdeclavijo.com\/#website\"},\"datePublished\":\"2019-11-29T12:03:37+00:00\",\"dateModified\":\"2019-12-20T13:45:48+00:00\",\"description\":\"En nuestra cl\u00ednica disponemos de especialistas en cirug\u00eda maxilofacial, para tratar las posibles enfermedades de la estructura facial.\",\"breadcrumb\":{\"@id\":\"https:\/\/mariaruizdeclavijo.com\/cirugia-maxilofacial\/#breadcrumb\"},\"inLanguage\":\"ca\",\"potentialAction\":[{\"@type\":\"ReadAction\",\"target\":[\"https:\/\/mariaruizdeclavijo.com\/cirugia-maxilofacial\/\"]}]},{\"@type\":\"BreadcrumbList\",\"@id\":\"https:\/\/mariaruizdeclavijo.com\/cirugia-maxilofacial\/#breadcrumb\",\"itemListElement\":[{\"@type\":\"ListItem\",\"position\":1,\"name\":\"Portada\",\"item\":\"https:\/\/mariaruizdeclavijo.com\/\"},{\"@type\":\"ListItem\",\"position\":2,\"name\":\"Cirug\u00eda Maxilofacial\"}]},{\"@type\":\"WebSite\",\"@id\":\"https:\/\/mariaruizdeclavijo.com\/#website\",\"url\":\"https:\/\/mariaruizdeclavijo.com\/\",\"name\":\"Maria Ruiz de Clavijo\",\"description\":\"Cl\u00ednica d&#039;Ortod\u00f2ncia\",\"potentialAction\":[{\"@type\":\"SearchAction\",\"target\":{\"@type\":\"EntryPoint\",\"urlTemplate\":\"https:\/\/mariaruizdeclavijo.com\/?s={search_term_string}\"},\"query-input\":\"required name=search_term_string\"}],\"inLanguage\":\"ca\"}]}<\/script>\n<!-- \/ Yoast SEO plugin. -->","yoast_head_json":{"title":"Cirug\u00eda Maxilofacial - Cl\u00ednica Maria Ruiz de Clavijo","description":"En nuestra cl\u00ednica disponemos de especialistas en cirug\u00eda maxilofacial, para tratar las posibles enfermedades de la estructura facial.","robots":{"index":"index","follow":"follow","max-snippet":"max-snippet:-1","max-image-preview":"max-image-preview:large","max-video-preview":"max-video-preview:-1"},"canonical":"https:\/\/mariaruizdeclavijo.com\/ca\/cirugia-maxilofacial\/","og_locale":"ca_ES","og_type":"article","og_title":"Cirug\u00eda Maxilofacial - Cl\u00ednica Maria Ruiz de Clavijo","og_description":"En nuestra cl\u00ednica disponemos de especialistas en cirug\u00eda maxilofacial, para tratar las posibles enfermedades de la estructura facial.","og_url":"https:\/\/mariaruizdeclavijo.com\/ca\/cirugia-maxilofacial\/","og_site_name":"Maria Ruiz de Clavijo","article_modified_time":"2019-12-20T13:45:48+00:00","twitter_card":"summary_large_image","twitter_misc":{"Temps estimat de lectura":"1 minut"},"schema":{"@context":"https:\/\/schema.org","@graph":[{"@type":"WebPage","@id":"https:\/\/mariaruizdeclavijo.com\/cirugia-maxilofacial\/","url":"https:\/\/mariaruizdeclavijo.com\/cirugia-maxilofacial\/","name":"Cirug\u00eda Maxilofacial - Cl\u00ednica Maria Ruiz de Clavijo","isPartOf":{"@id":"https:\/\/mariaruizdeclavijo.com\/#website"},"datePublished":"2019-11-29T12:03:37+00:00","dateModified":"2019-12-20T13:45:48+00:00","description":"En nuestra cl\u00ednica disponemos de especialistas en cirug\u00eda maxilofacial, para tratar las posibles enfermedades de la estructura facial.","breadcrumb":{"@id":"https:\/\/mariaruizdeclavijo.com\/cirugia-maxilofacial\/#breadcrumb"},"inLanguage":"ca","potentialAction":[{"@type":"ReadAction","target":["https:\/\/mariaruizdeclavijo.com\/cirugia-maxilofacial\/"]}]},{"@type":"BreadcrumbList","@id":"https:\/\/mariaruizdeclavijo.com\/cirugia-maxilofacial\/#breadcrumb","itemListElement":[{"@type":"ListItem","position":1,"name":"Portada","item":"https:\/\/mariaruizdeclavijo.com\/"},{"@type":"ListItem","position":2,"name":"Cirug\u00eda Maxilofacial"}]},{"@type":"WebSite","@id":"https:\/\/mariaruizdeclavijo.com\/#website","url":"https:\/\/mariaruizdeclavijo.com\/","name":"Maria Ruiz de Clavijo","description":"Cl\u00ednica d&#039;Ortod\u00f2ncia","potentialAction":[{"@type":"SearchAction","target":{"@type":"EntryPoint","urlTemplate":"https:\/\/mariaruizdeclavijo.com\/?s={search_term_string}"},"query-input":"required name=search_term_string"}],"inLanguage":"ca"}]}},"_links":{"self":[{"href":"https:\/\/mariaruizdeclavijo.com\/ca\/wp-json\/wp\/v2\/pages\/518","targetHints":{"allow":["GET"]}}],"collection":[{"href":"https:\/\/mariaruizdeclavijo.com\/ca\/wp-json\/wp\/v2\/pages"}],"about":[{"href":"https:\/\/mariaruizdeclavijo.com\/ca\/wp-json\/wp\/v2\/types\/page"}],"author":[{"embeddable":true,"href":"https:\/\/mariaruizdeclavijo.com\/ca\/wp-json\/wp\/v2\/users\/2"}],"replies":[{"embeddable":true,"href":"https:\/\/mariaruizdeclavijo.com\/ca\/wp-json\/wp\/v2\/comments?post=518"}],"version-history":[{"count":16,"href":"https:\/\/mariaruizdeclavijo.com\/ca\/wp-json\/wp\/v2\/pages\/518\/revisions"}],"predecessor-version":[{"id":894,"href":"https:\/\/mariaruizdeclavijo.com\/ca\/wp-json\/wp\/v2\/pages\/518\/revisions\/894"}],"wp:attachment":[{"href":"https:\/\/mariaruizdeclavijo.com\/ca\/wp-json\/wp\/v2\/media?parent=518"}],"curies":[{"name":"wp","href":"https:\/\/api.w.org\/{rel}","templated":true}]}}