{"id":522,"date":"2019-11-27T10:39:40","date_gmt":"2019-11-27T10:39:40","guid":{"rendered":"http:\/\/mariaruizdeclavijo.com\/ca\/?page_id=522"},"modified":"2020-07-16T11:05:00","modified_gmt":"2020-07-16T11:05:00","slug":"terapia-neural","status":"publish","type":"page","link":"https:\/\/mariaruizdeclavijo.com\/ca\/terapia-neural\/","title":{"rendered":"Ter\u00e0pia Neural"},"content":{"rendered":"<div data-vc-full-width=\"true\" data-vc-full-width-init=\"false\" data-vc-stretch-content=\"true\" class=\"vc_row wpb_row vc_row-fluid vc_custom_1580317660163 vc_row-has-fill\"><div class=\"wpb_column vc_column_container vc_col-sm-4\"><div class=\"vc_column-inner\"><div class=\"wpb_wrapper\"><\/div><\/div><\/div><div class=\"wpb_column vc_column_container vc_col-sm-4\"><div class=\"vc_column-inner\"><div class=\"wpb_wrapper\"><div class=\"vc_empty_space\"  style=\"height: 120px\" ><span class=\"vc_empty_space_inner\"><\/span><\/div>\n\n\t<div class=\"wpb_text_column wpb_content_element  vc_custom_1594897496389\">\n\t\t<div class=\"wpb_wrapper\">\n\t\t\t<p style=\"font-size: 58px; line-height:50px; color: #313131; text-align: center;\">Ter\u00e0pia Neural<\/p>\n\n\t\t<\/div>\n\t<\/div>\n<div class=\"vc_empty_space\"  style=\"height: 100px\" ><span class=\"vc_empty_space_inner\"><\/span><\/div>\n<\/div><\/div><\/div><div class=\"wpb_column vc_column_container vc_col-sm-4\"><div class=\"vc_column-inner\"><div class=\"wpb_wrapper\"><\/div><\/div><\/div><\/div><div class=\"vc_row-full-width vc_clearfix\"><\/div><div class=\"vc_row wpb_row vc_row-fluid\"><div class=\"wpb_column vc_column_container vc_col-sm-2\"><div class=\"vc_column-inner\"><div class=\"wpb_wrapper\"><\/div><\/div><\/div><div class=\"wpb_column vc_column_container vc_col-sm-8\"><div class=\"vc_column-inner\"><div class=\"wpb_wrapper\"><div class=\"vc_empty_space\"  style=\"height: 50px\" ><span class=\"vc_empty_space_inner\"><\/span><\/div>\n\n\t<div class=\"wpb_text_column wpb_content_element\">\n\t\t<div class=\"wpb_wrapper\">\n\t\t\t<p>Esta terapia, consiste en la <strong>aplicaci\u00f3n de un anest\u00e9sico local<\/strong>, proca\u00edna al 0,5% \u00f3 1% de concentraci\u00f3n, <strong>en los sitios espec\u00edficos donde el sistema nervioso vegetativo ha sufrido agresi\u00f3n o lesi\u00f3n<\/strong>.<\/p>\n<p>Eliminando estos bloqueos que alteran el intercambio de informaci\u00f3n y elaboran est\u00edmulos irritativos a la red nerviosa, se pretende<strong> reactivar los mecanismos de regulaci\u00f3n<\/strong> para que el propio organismo produzca reacciones autocurativas, desarrollen su actividad y conduzcan a <strong>un nuevo orden mediante su propia fuerza vital<\/strong>.<\/p>\n<p>&nbsp;<\/p>\n\n\t\t<\/div>\n\t<\/div>\n<div class=\"vc_empty_space\"  style=\"height: 30px\" ><span class=\"vc_empty_space_inner\"><\/span><\/div>\n<div class=\"vc_btn3-container vc_btn3-center\"><a class=\"vc_general vc_btn3 vc_btn3-size-md vc_btn3-shape-rounded vc_btn3-style-modern vc_btn3-color-black\" href=\"https:\/\/mariaruizdeclavijo.com\/ca\/contacta-con-nosotros\/\" title=\"\">Demana informaci\u00f3<\/a><\/div>\n<div class=\"vc_empty_space\"  style=\"height: 50px\" ><span class=\"vc_empty_space_inner\"><\/span><\/div>\n<\/div><\/div><\/div><div class=\"wpb_column vc_column_container vc_col-sm-2\"><div class=\"vc_column-inner\"><div class=\"wpb_wrapper\"><\/div><\/div><\/div><\/div>","protected":false},"excerpt":{"rendered":"Terapia Neural Esta terapia, consiste en la aplicaci\u00f3n de un anest\u00e9sico local, proca\u00edna al 0,5% \u00f3 1% de concentraci\u00f3n, en los sitios espec\u00edficos donde el sistema nervioso vegetativo ha sufrido agresi\u00f3n o lesi\u00f3n. Eliminando estos bloqueos que alteran el intercambio de informaci\u00f3n y elaboran est\u00edmulos irritativos a la red nerviosa, se pretende reactivar los mecanismos<a href=\"https:\/\/mariaruizdeclavijo.com\/ca\/terapia-neural\/\">[...]<\/a>","protected":false},"author":2,"featured_media":0,"parent":0,"menu_order":0,"comment_status":"closed","ping_status":"closed","template":"template-fullwidth.php","meta":{"footnotes":""},"class_list":["post-522","page","type-page","status-publish","hentry"],"yoast_head":"<!-- This site is optimized with the Yoast SEO plugin v19.6.1 - https:\/\/yoast.com\/wordpress\/plugins\/seo\/ -->\n<title>Terapia Neural - Maria Ruiz de Clavijo<\/title>\n<meta name=\"description\" content=\"Mediante la terapia neural, reactivamos los mecanismos de regulaci\u00f3n para que el propio organismo produzca reacciones autocurativas. \u00a1P\u00eddenos informaci\u00f3n!\" \/>\n<meta name=\"robots\" content=\"index, follow, max-snippet:-1, max-image-preview:large, max-video-preview:-1\" \/>\n<link rel=\"canonical\" href=\"https:\/\/mariaruizdeclavijo.com\/ca\/terapia-neural\/\" \/>\n<meta property=\"og:locale\" content=\"ca_ES\" \/>\n<meta property=\"og:type\" content=\"article\" \/>\n<meta property=\"og:title\" content=\"Terapia Neural - Maria Ruiz de Clavijo\" \/>\n<meta property=\"og:description\" content=\"Mediante la terapia neural, reactivamos los mecanismos de regulaci\u00f3n para que el propio organismo produzca reacciones autocurativas. \u00a1P\u00eddenos informaci\u00f3n!\" \/>\n<meta property=\"og:url\" content=\"https:\/\/mariaruizdeclavijo.com\/ca\/terapia-neural\/\" \/>\n<meta property=\"og:site_name\" content=\"Maria Ruiz de Clavijo\" \/>\n<meta property=\"article:modified_time\" content=\"2020-07-16T11:05:00+00:00\" \/>\n<meta name=\"twitter:card\" content=\"summary_large_image\" \/>\n<meta name=\"twitter:label1\" content=\"Temps estimat de lectura\" \/>\n\t<meta name=\"twitter:data1\" content=\"1 minut\" \/>\n<script type=\"application\/ld+json\" class=\"yoast-schema-graph\">{\"@context\":\"https:\/\/schema.org\",\"@graph\":[{\"@type\":\"WebPage\",\"@id\":\"https:\/\/mariaruizdeclavijo.com\/terapia-neural\/\",\"url\":\"https:\/\/mariaruizdeclavijo.com\/terapia-neural\/\",\"name\":\"Terapia Neural - Maria Ruiz de Clavijo\",\"isPartOf\":{\"@id\":\"https:\/\/mariaruizdeclavijo.com\/#website\"},\"datePublished\":\"2019-11-27T10:39:40+00:00\",\"dateModified\":\"2020-07-16T11:05:00+00:00\",\"description\":\"Mediante la terapia neural, reactivamos los mecanismos de regulaci\u00f3n para que el propio organismo produzca reacciones autocurativas. \u00a1P\u00eddenos informaci\u00f3n!\",\"breadcrumb\":{\"@id\":\"https:\/\/mariaruizdeclavijo.com\/terapia-neural\/#breadcrumb\"},\"inLanguage\":\"ca\",\"potentialAction\":[{\"@type\":\"ReadAction\",\"target\":[\"https:\/\/mariaruizdeclavijo.com\/terapia-neural\/\"]}]},{\"@type\":\"BreadcrumbList\",\"@id\":\"https:\/\/mariaruizdeclavijo.com\/terapia-neural\/#breadcrumb\",\"itemListElement\":[{\"@type\":\"ListItem\",\"position\":1,\"name\":\"Portada\",\"item\":\"https:\/\/mariaruizdeclavijo.com\/\"},{\"@type\":\"ListItem\",\"position\":2,\"name\":\"Terapia Neural\"}]},{\"@type\":\"WebSite\",\"@id\":\"https:\/\/mariaruizdeclavijo.com\/#website\",\"url\":\"https:\/\/mariaruizdeclavijo.com\/\",\"name\":\"Maria Ruiz de Clavijo\",\"description\":\"Cl\u00ednica d&#039;Ortod\u00f2ncia\",\"potentialAction\":[{\"@type\":\"SearchAction\",\"target\":{\"@type\":\"EntryPoint\",\"urlTemplate\":\"https:\/\/mariaruizdeclavijo.com\/?s={search_term_string}\"},\"query-input\":\"required name=search_term_string\"}],\"inLanguage\":\"ca\"}]}<\/script>\n<!-- \/ Yoast SEO plugin. -->","yoast_head_json":{"title":"Terapia Neural - Maria Ruiz de Clavijo","description":"Mediante la terapia neural, reactivamos los mecanismos de regulaci\u00f3n para que el propio organismo produzca reacciones autocurativas. \u00a1P\u00eddenos informaci\u00f3n!","robots":{"index":"index","follow":"follow","max-snippet":"max-snippet:-1","max-image-preview":"max-image-preview:large","max-video-preview":"max-video-preview:-1"},"canonical":"https:\/\/mariaruizdeclavijo.com\/ca\/terapia-neural\/","og_locale":"ca_ES","og_type":"article","og_title":"Terapia Neural - Maria Ruiz de Clavijo","og_description":"Mediante la terapia neural, reactivamos los mecanismos de regulaci\u00f3n para que el propio organismo produzca reacciones autocurativas. \u00a1P\u00eddenos informaci\u00f3n!","og_url":"https:\/\/mariaruizdeclavijo.com\/ca\/terapia-neural\/","og_site_name":"Maria Ruiz de Clavijo","article_modified_time":"2020-07-16T11:05:00+00:00","twitter_card":"summary_large_image","twitter_misc":{"Temps estimat de lectura":"1 minut"},"schema":{"@context":"https:\/\/schema.org","@graph":[{"@type":"WebPage","@id":"https:\/\/mariaruizdeclavijo.com\/terapia-neural\/","url":"https:\/\/mariaruizdeclavijo.com\/terapia-neural\/","name":"Terapia Neural - Maria Ruiz de Clavijo","isPartOf":{"@id":"https:\/\/mariaruizdeclavijo.com\/#website"},"datePublished":"2019-11-27T10:39:40+00:00","dateModified":"2020-07-16T11:05:00+00:00","description":"Mediante la terapia neural, reactivamos los mecanismos de regulaci\u00f3n para que el propio organismo produzca reacciones autocurativas. \u00a1P\u00eddenos informaci\u00f3n!","breadcrumb":{"@id":"https:\/\/mariaruizdeclavijo.com\/terapia-neural\/#breadcrumb"},"inLanguage":"ca","potentialAction":[{"@type":"ReadAction","target":["https:\/\/mariaruizdeclavijo.com\/terapia-neural\/"]}]},{"@type":"BreadcrumbList","@id":"https:\/\/mariaruizdeclavijo.com\/terapia-neural\/#breadcrumb","itemListElement":[{"@type":"ListItem","position":1,"name":"Portada","item":"https:\/\/mariaruizdeclavijo.com\/"},{"@type":"ListItem","position":2,"name":"Terapia Neural"}]},{"@type":"WebSite","@id":"https:\/\/mariaruizdeclavijo.com\/#website","url":"https:\/\/mariaruizdeclavijo.com\/","name":"Maria Ruiz de Clavijo","description":"Cl\u00ednica d&#039;Ortod\u00f2ncia","potentialAction":[{"@type":"SearchAction","target":{"@type":"EntryPoint","urlTemplate":"https:\/\/mariaruizdeclavijo.com\/?s={search_term_string}"},"query-input":"required name=search_term_string"}],"inLanguage":"ca"}]}},"_links":{"self":[{"href":"https:\/\/mariaruizdeclavijo.com\/ca\/wp-json\/wp\/v2\/pages\/522","targetHints":{"allow":["GET"]}}],"collection":[{"href":"https:\/\/mariaruizdeclavijo.com\/ca\/wp-json\/wp\/v2\/pages"}],"about":[{"href":"https:\/\/mariaruizdeclavijo.com\/ca\/wp-json\/wp\/v2\/types\/page"}],"author":[{"embeddable":true,"href":"https:\/\/mariaruizdeclavijo.com\/ca\/wp-json\/wp\/v2\/users\/2"}],"replies":[{"embeddable":true,"href":"https:\/\/mariaruizdeclavijo.com\/ca\/wp-json\/wp\/v2\/comments?post=522"}],"version-history":[{"count":30,"href":"https:\/\/mariaruizdeclavijo.com\/ca\/wp-json\/wp\/v2\/pages\/522\/revisions"}],"predecessor-version":[{"id":1034,"href":"https:\/\/mariaruizdeclavijo.com\/ca\/wp-json\/wp\/v2\/pages\/522\/revisions\/1034"}],"wp:attachment":[{"href":"https:\/\/mariaruizdeclavijo.com\/ca\/wp-json\/wp\/v2\/media?parent=522"}],"curies":[{"name":"wp","href":"https:\/\/api.w.org\/{rel}","templated":true}]}}