{"id":524,"date":"2019-12-13T12:53:27","date_gmt":"2019-12-13T12:53:27","guid":{"rendered":"http:\/\/mariaruizdeclavijo.com\/ca\/?page_id=524"},"modified":"2020-01-28T19:13:26","modified_gmt":"2020-01-28T19:13:26","slug":"odontopediatria","status":"publish","type":"page","link":"https:\/\/mariaruizdeclavijo.com\/ca\/odontopediatria\/","title":{"rendered":"Odontopediatr\u00eda"},"content":{"rendered":"<div data-vc-full-width=\"true\" data-vc-full-width-init=\"false\" data-vc-stretch-content=\"true\" class=\"vc_row wpb_row vc_row-fluid vc_custom_1580238799746 vc_row-has-fill\"><div class=\"wpb_column vc_column_container vc_col-sm-4\"><div class=\"vc_column-inner\"><div class=\"wpb_wrapper\"><\/div><\/div><\/div><div class=\"wpb_column vc_column_container vc_col-sm-4\"><div class=\"vc_column-inner\"><div class=\"wpb_wrapper\"><div class=\"vc_empty_space\"  style=\"height: 120px\" ><span class=\"vc_empty_space_inner\"><\/span><\/div>\n\n\t<div class=\"wpb_text_column wpb_content_element  vc_custom_1576671100891\">\n\t\t<div class=\"wpb_wrapper\">\n\t\t\t<p style=\"font-size: 58px; line-height: 60px; color: #ffffff; text-align: center;\">Odontopediatr\u00eda<\/p>\n\n\t\t<\/div>\n\t<\/div>\n<div class=\"vc_empty_space\"  style=\"height: 100px\" ><span class=\"vc_empty_space_inner\"><\/span><\/div>\n<\/div><\/div><\/div><div class=\"wpb_column vc_column_container vc_col-sm-4\"><div class=\"vc_column-inner\"><div class=\"wpb_wrapper\"><\/div><\/div><\/div><\/div><div class=\"vc_row-full-width vc_clearfix\"><\/div><div class=\"vc_row wpb_row vc_row-fluid\"><div class=\"wpb_column vc_column_container vc_col-sm-2\"><div class=\"vc_column-inner\"><div class=\"wpb_wrapper\"><\/div><\/div><\/div><div class=\"wpb_column vc_column_container vc_col-sm-8\"><div class=\"vc_column-inner\"><div class=\"wpb_wrapper\"><div class=\"vc_empty_space\"  style=\"height: 50px\" ><span class=\"vc_empty_space_inner\"><\/span><\/div>\n\n\t<div class=\"wpb_text_column wpb_content_element\">\n\t\t<div class=\"wpb_wrapper\">\n\t\t\t<p>La filosof\u00eda del tractament, comen\u00e7a en <strong>l'educaci\u00f3 del pacient i el seu entorn familiar<\/strong> <strong>per a adquirir h\u00e0bits de salut bucal<\/strong>. Els tractaments han de ser m\u00ednimament invasius, amb objectius clars, com evitar c\u00e0ries o tractar preco\u00e7ment les possibles complicacions. <strong>El pacient creixer\u00e0 fent el seguiment del seu recanvi eruptiu i del control d'h\u00e0bits<\/strong>, perqu\u00e8 el creixement dels seus ossos maxil\u00b7lars sigui el correcte per a albergar en el futur les dents definitives.<\/p>\n<p>Tamb\u00e9 comptem amb l'equip necessari per a poder realitzar sedacions en casos de nens poc col\u00b7laboradors per motius diversos.<\/p>\n\n\t\t<\/div>\n\t<\/div>\n<div class=\"vc_empty_space\"  style=\"height: 30px\" ><span class=\"vc_empty_space_inner\"><\/span><\/div>\n<div class=\"vc_btn3-container vc_btn3-center\"><a class=\"vc_general vc_btn3 vc_btn3-size-md vc_btn3-shape-rounded vc_btn3-style-modern vc_btn3-color-black\" href=\"https:\/\/mariaruizdeclavijo.com\/ca\/contacta-con-nosotros\/\" title=\"\">Demana informaci\u00f3<\/a><\/div>\n<div class=\"vc_empty_space\"  style=\"height: 50px\" ><span class=\"vc_empty_space_inner\"><\/span><\/div>\n<\/div><\/div><\/div><div class=\"wpb_column vc_column_container vc_col-sm-2\"><div class=\"vc_column-inner\"><div class=\"wpb_wrapper\"><\/div><\/div><\/div><\/div>","protected":false},"excerpt":{"rendered":"Odontopediatr\u00eda La filosof\u00eda del tratamiento, empieza en la educaci\u00f3n del paciente y su entorno familiar para adquirir h\u00e1bitos de salud bucal. Los tratamientos deben ser m\u00ednimamente invasivos, con objetivos claros, como evitar caries o tratar precozmente las posibles complicaciones. El paciente crecer\u00e1 haciendo el seguimiento de su recambio eruptivo y del control de h\u00e1bitos, para<a href=\"https:\/\/mariaruizdeclavijo.com\/ca\/odontopediatria\/\">[...]<\/a>","protected":false},"author":2,"featured_media":0,"parent":0,"menu_order":0,"comment_status":"closed","ping_status":"closed","template":"template-fullwidth.php","meta":{"footnotes":""},"class_list":["post-524","page","type-page","status-publish","hentry"],"yoast_head":"<!-- This site is optimized with the Yoast SEO plugin v19.6.1 - https:\/\/yoast.com\/wordpress\/plugins\/seo\/ -->\n<title>Odontopediatr\u00eda - Maria Ruiz de Clavijo<\/title>\n<meta name=\"description\" content=\"La odontopediatr\u00eda consiste en educar a los ni\u00f1os desde peque\u00f1os para el correcto desarrollo de los dientes, adem\u00e1s de tratar los posibles problemas.\" \/>\n<meta name=\"robots\" content=\"index, follow, max-snippet:-1, max-image-preview:large, max-video-preview:-1\" \/>\n<link rel=\"canonical\" href=\"https:\/\/mariaruizdeclavijo.com\/ca\/odontopediatria\/\" \/>\n<meta property=\"og:locale\" content=\"ca_ES\" \/>\n<meta property=\"og:type\" content=\"article\" \/>\n<meta property=\"og:title\" content=\"Odontopediatr\u00eda - Maria Ruiz de Clavijo\" \/>\n<meta property=\"og:description\" content=\"La odontopediatr\u00eda consiste en educar a los ni\u00f1os desde peque\u00f1os para el correcto desarrollo de los dientes, adem\u00e1s de tratar los posibles problemas.\" \/>\n<meta property=\"og:url\" content=\"https:\/\/mariaruizdeclavijo.com\/ca\/odontopediatria\/\" \/>\n<meta property=\"og:site_name\" content=\"Maria Ruiz de Clavijo\" \/>\n<meta property=\"article:modified_time\" content=\"2020-01-28T19:13:26+00:00\" \/>\n<meta name=\"twitter:card\" content=\"summary_large_image\" \/>\n<meta name=\"twitter:label1\" content=\"Temps estimat de lectura\" \/>\n\t<meta name=\"twitter:data1\" content=\"1 minut\" \/>\n<script type=\"application\/ld+json\" class=\"yoast-schema-graph\">{\"@context\":\"https:\/\/schema.org\",\"@graph\":[{\"@type\":\"WebPage\",\"@id\":\"https:\/\/mariaruizdeclavijo.com\/odontopediatria\/\",\"url\":\"https:\/\/mariaruizdeclavijo.com\/odontopediatria\/\",\"name\":\"Odontopediatr\u00eda - Maria Ruiz de Clavijo\",\"isPartOf\":{\"@id\":\"https:\/\/mariaruizdeclavijo.com\/#website\"},\"datePublished\":\"2019-12-13T12:53:27+00:00\",\"dateModified\":\"2020-01-28T19:13:26+00:00\",\"description\":\"La odontopediatr\u00eda consiste en educar a los ni\u00f1os desde peque\u00f1os para el correcto desarrollo de los dientes, adem\u00e1s de tratar los posibles problemas.\",\"breadcrumb\":{\"@id\":\"https:\/\/mariaruizdeclavijo.com\/odontopediatria\/#breadcrumb\"},\"inLanguage\":\"ca\",\"potentialAction\":[{\"@type\":\"ReadAction\",\"target\":[\"https:\/\/mariaruizdeclavijo.com\/odontopediatria\/\"]}]},{\"@type\":\"BreadcrumbList\",\"@id\":\"https:\/\/mariaruizdeclavijo.com\/odontopediatria\/#breadcrumb\",\"itemListElement\":[{\"@type\":\"ListItem\",\"position\":1,\"name\":\"Portada\",\"item\":\"https:\/\/mariaruizdeclavijo.com\/\"},{\"@type\":\"ListItem\",\"position\":2,\"name\":\"Odontopediatr\u00eda\"}]},{\"@type\":\"WebSite\",\"@id\":\"https:\/\/mariaruizdeclavijo.com\/#website\",\"url\":\"https:\/\/mariaruizdeclavijo.com\/\",\"name\":\"Maria Ruiz de Clavijo\",\"description\":\"Cl\u00ednica d&#039;Ortod\u00f2ncia\",\"potentialAction\":[{\"@type\":\"SearchAction\",\"target\":{\"@type\":\"EntryPoint\",\"urlTemplate\":\"https:\/\/mariaruizdeclavijo.com\/?s={search_term_string}\"},\"query-input\":\"required name=search_term_string\"}],\"inLanguage\":\"ca\"}]}<\/script>\n<!-- \/ Yoast SEO plugin. -->","yoast_head_json":{"title":"Odontopediatr\u00eda - Maria Ruiz de Clavijo","description":"La odontopediatr\u00eda consiste en educar a los ni\u00f1os desde peque\u00f1os para el correcto desarrollo de los dientes, adem\u00e1s de tratar los posibles problemas.","robots":{"index":"index","follow":"follow","max-snippet":"max-snippet:-1","max-image-preview":"max-image-preview:large","max-video-preview":"max-video-preview:-1"},"canonical":"https:\/\/mariaruizdeclavijo.com\/ca\/odontopediatria\/","og_locale":"ca_ES","og_type":"article","og_title":"Odontopediatr\u00eda - Maria Ruiz de Clavijo","og_description":"La odontopediatr\u00eda consiste en educar a los ni\u00f1os desde peque\u00f1os para el correcto desarrollo de los dientes, adem\u00e1s de tratar los posibles problemas.","og_url":"https:\/\/mariaruizdeclavijo.com\/ca\/odontopediatria\/","og_site_name":"Maria Ruiz de Clavijo","article_modified_time":"2020-01-28T19:13:26+00:00","twitter_card":"summary_large_image","twitter_misc":{"Temps estimat de lectura":"1 minut"},"schema":{"@context":"https:\/\/schema.org","@graph":[{"@type":"WebPage","@id":"https:\/\/mariaruizdeclavijo.com\/odontopediatria\/","url":"https:\/\/mariaruizdeclavijo.com\/odontopediatria\/","name":"Odontopediatr\u00eda - Maria Ruiz de Clavijo","isPartOf":{"@id":"https:\/\/mariaruizdeclavijo.com\/#website"},"datePublished":"2019-12-13T12:53:27+00:00","dateModified":"2020-01-28T19:13:26+00:00","description":"La odontopediatr\u00eda consiste en educar a los ni\u00f1os desde peque\u00f1os para el correcto desarrollo de los dientes, adem\u00e1s de tratar los posibles problemas.","breadcrumb":{"@id":"https:\/\/mariaruizdeclavijo.com\/odontopediatria\/#breadcrumb"},"inLanguage":"ca","potentialAction":[{"@type":"ReadAction","target":["https:\/\/mariaruizdeclavijo.com\/odontopediatria\/"]}]},{"@type":"BreadcrumbList","@id":"https:\/\/mariaruizdeclavijo.com\/odontopediatria\/#breadcrumb","itemListElement":[{"@type":"ListItem","position":1,"name":"Portada","item":"https:\/\/mariaruizdeclavijo.com\/"},{"@type":"ListItem","position":2,"name":"Odontopediatr\u00eda"}]},{"@type":"WebSite","@id":"https:\/\/mariaruizdeclavijo.com\/#website","url":"https:\/\/mariaruizdeclavijo.com\/","name":"Maria Ruiz de Clavijo","description":"Cl\u00ednica d&#039;Ortod\u00f2ncia","potentialAction":[{"@type":"SearchAction","target":{"@type":"EntryPoint","urlTemplate":"https:\/\/mariaruizdeclavijo.com\/?s={search_term_string}"},"query-input":"required name=search_term_string"}],"inLanguage":"ca"}]}},"_links":{"self":[{"href":"https:\/\/mariaruizdeclavijo.com\/ca\/wp-json\/wp\/v2\/pages\/524","targetHints":{"allow":["GET"]}}],"collection":[{"href":"https:\/\/mariaruizdeclavijo.com\/ca\/wp-json\/wp\/v2\/pages"}],"about":[{"href":"https:\/\/mariaruizdeclavijo.com\/ca\/wp-json\/wp\/v2\/types\/page"}],"author":[{"embeddable":true,"href":"https:\/\/mariaruizdeclavijo.com\/ca\/wp-json\/wp\/v2\/users\/2"}],"replies":[{"embeddable":true,"href":"https:\/\/mariaruizdeclavijo.com\/ca\/wp-json\/wp\/v2\/comments?post=524"}],"version-history":[{"count":11,"href":"https:\/\/mariaruizdeclavijo.com\/ca\/wp-json\/wp\/v2\/pages\/524\/revisions"}],"predecessor-version":[{"id":995,"href":"https:\/\/mariaruizdeclavijo.com\/ca\/wp-json\/wp\/v2\/pages\/524\/revisions\/995"}],"wp:attachment":[{"href":"https:\/\/mariaruizdeclavijo.com\/ca\/wp-json\/wp\/v2\/media?parent=524"}],"curies":[{"name":"wp","href":"https:\/\/api.w.org\/{rel}","templated":true}]}}