{"id":666,"date":"2019-12-18T11:47:26","date_gmt":"2019-12-18T11:47:26","guid":{"rendered":"http:\/\/mariaruizdeclavijo.com\/ca\/?page_id=666"},"modified":"2021-10-01T10:52:18","modified_gmt":"2021-10-01T10:52:18","slug":"equipo","status":"publish","type":"page","link":"https:\/\/mariaruizdeclavijo.com\/ca\/equipo\/","title":{"rendered":"Equip"},"content":{"rendered":"<div data-vc-full-width=\"true\" data-vc-full-width-init=\"false\" data-vc-stretch-content=\"true\" class=\"vc_row wpb_row vc_row-fluid vc_custom_1580200159760 vc_row-has-fill\"><div class=\"wpb_column vc_column_container vc_col-sm-12\"><div class=\"vc_column-inner\"><div class=\"wpb_wrapper\"><div class=\"vc_empty_space\"  style=\"height: 400px\" ><span class=\"vc_empty_space_inner\"><\/span><\/div>\n<\/div><\/div><\/div><\/div><div class=\"vc_row-full-width vc_clearfix\"><\/div><div data-vc-full-width=\"true\" data-vc-full-width-init=\"false\" class=\"vc_row wpb_row vc_row-fluid vc_custom_1475587544997 vc_row-has-fill\"><div class=\"wpb_column vc_column_container vc_col-sm-12\"><div class=\"vc_column-inner\"><div class=\"wpb_wrapper\"><div class=\"vc_empty_space\"  style=\"height: 20px\" ><span class=\"vc_empty_space_inner\"><\/span><\/div>\n<h2 style=\"color: #ffffff;text-align: center;font-family:Abril Fatface;font-weight:400;font-style:normal\" class=\"vc_custom_heading\">EL NOSTRE EQUIP<\/h2><div class=\"vc_empty_space\"  style=\"height: 10px\" ><span class=\"vc_empty_space_inner\"><\/span><\/div>\n<div class=\"vc_empty_space\"  style=\"height: 1px\" ><span class=\"vc_empty_space_inner\"><\/span><\/div>\n<\/div><\/div><\/div><\/div><div class=\"vc_row-full-width vc_clearfix\"><\/div><div data-vc-full-width=\"true\" data-vc-full-width-init=\"false\" class=\"vc_row wpb_row vc_row-fluid vc_custom_1475597394545 vc_row-has-fill\"><div class=\"wpb_column vc_column_container vc_col-sm-12\"><div class=\"vc_column-inner\"><div class=\"wpb_wrapper\"><div class=\"vc_empty_space\"  style=\"height: 40px\" ><span class=\"vc_empty_space_inner\"><\/span><\/div>\n<div class=\"vc_row wpb_row vc_inner vc_row-fluid\"><div class=\"wpb_column vc_column_container vc_col-sm-6\"><div class=\"vc_column-inner\"><div class=\"wpb_wrapper\"><div class=\"vc_empty_space\"  style=\"height: 30px\" ><span class=\"vc_empty_space_inner\"><\/span><\/div>\n<h2 style=\"color: #595959;text-align: left;font-family:Open Sans;font-weight:400;font-style:normal\" class=\"vc_custom_heading vc_custom_1576063795069\">Maria Ruiz de Clavijo<\/h2><div class=\"vc_separator wpb_content_element vc_separator_align_center vc_sep_width_10 vc_sep_border_width_4 vc_sep_pos_align_left vc_separator_no_text\"><span class=\"vc_sep_holder vc_sep_holder_l\"><span  style=\"border-color:#595959;\" class=\"vc_sep_line\"><\/span><\/span><span class=\"vc_sep_holder vc_sep_holder_r\"><span  style=\"border-color:#595959;\" class=\"vc_sep_line\"><\/span><\/span>\n<\/div><div class=\"vc_empty_space\"  style=\"height: 32px\" ><span class=\"vc_empty_space_inner\"><\/span><\/div>\n\n\t<div class=\"wpb_text_column wpb_content_element\">\n\t\t<div class=\"wpb_wrapper\">\n\t\t\t<p>Gerent - Ortodoncista<\/p>\n<div id=\"ritekit-alerts\"><\/div>\n\n\t\t<\/div>\n\t<\/div>\n\n\t<div class=\"wpb_text_column wpb_content_element\">\n\t\t<div class=\"wpb_wrapper\">\n\t\t\t<ul>\n<li>Llicenciada en Odontologia per la<br \/>\nUniversitat Europea de Madrid (1995 \u2013 2000)<\/li>\n<li>M\u00e0ster d'Ortod\u00f2ncia en la Fundaci\u00f3 Jim\u00e9nez D\u00edaz (2001 \u2013 2003)<\/li>\n<li>M\u00e0ster en Ter\u00e0pia Neural en Sant Joan de D\u00e9u (2016 \u2013 2017)<\/li>\n<li>Formaci\u00f3 en Est\u00e8tica Dental amb el Dr. Autr\u00e1n (2019)<\/li>\n<\/ul>\n\n\t\t<\/div>\n\t<\/div>\n<div class=\"vc_empty_space\"  style=\"height: 30px\" ><span class=\"vc_empty_space_inner\"><\/span><\/div>\n<\/div><\/div><\/div><div class=\"wpb_column vc_column_container vc_col-sm-6\"><div class=\"vc_column-inner\"><div class=\"wpb_wrapper\">\n\t<div class=\"wpb_single_image wpb_content_element vc_align_right\">\n\t\t\n\t\t<figure class=\"wpb_wrapper vc_figure\">\n\t\t\t<div class=\"vc_single_image-wrapper   vc_box_border_grey\"><img loading=\"lazy\" decoding=\"async\" width=\"700\" height=\"700\" src=\"https:\/\/mariaruizdeclavijo.com\/wp-content\/uploads\/Maria-Ruiz-de-Clavijo-Doctora-Granollers.jpg\" class=\"vc_single_image-img attachment-full\" alt=\"Maria Ruiz de Claviajo Doctora Granollers\" srcset=\"https:\/\/mariaruizdeclavijo.com\/wp-content\/uploads\/Maria-Ruiz-de-Clavijo-Doctora-Granollers.jpg 700w, https:\/\/mariaruizdeclavijo.com\/wp-content\/uploads\/Maria-Ruiz-de-Clavijo-Doctora-Granollers-150x150.jpg 150w, https:\/\/mariaruizdeclavijo.com\/wp-content\/uploads\/Maria-Ruiz-de-Clavijo-Doctora-Granollers-300x300.jpg 300w, https:\/\/mariaruizdeclavijo.com\/wp-content\/uploads\/Maria-Ruiz-de-Clavijo-Doctora-Granollers-250x250.jpg 250w, https:\/\/mariaruizdeclavijo.com\/wp-content\/uploads\/Maria-Ruiz-de-Clavijo-Doctora-Granollers-174x174.jpg 174w\" sizes=\"auto, (max-width: 700px) 100vw, 700px\" \/><\/div>\n\t\t<\/figure>\n\t<\/div>\n<div class=\"vc_empty_space\"  style=\"height: 32px\" ><span class=\"vc_empty_space_inner\"><\/span><\/div>\n<\/div><\/div><\/div><\/div><div class=\"vc_row wpb_row vc_inner vc_row-fluid\"><div class=\"wpb_column vc_column_container vc_col-sm-4\"><div class=\"vc_column-inner\"><div class=\"wpb_wrapper\">\n\t<div class=\"wpb_single_image wpb_content_element vc_align_left\">\n\t\t\n\t\t<figure class=\"wpb_wrapper vc_figure\">\n\t\t\t<div class=\"vc_single_image-wrapper   vc_box_border_grey\"><img loading=\"lazy\" decoding=\"async\" width=\"700\" height=\"700\" src=\"https:\/\/mariaruizdeclavijo.com\/wp-content\/uploads\/Laura.jpg\" class=\"vc_single_image-img attachment-full\" alt=\"\" srcset=\"https:\/\/mariaruizdeclavijo.com\/wp-content\/uploads\/Laura.jpg 700w, https:\/\/mariaruizdeclavijo.com\/wp-content\/uploads\/Laura-150x150.jpg 150w, https:\/\/mariaruizdeclavijo.com\/wp-content\/uploads\/Laura-300x300.jpg 300w, https:\/\/mariaruizdeclavijo.com\/wp-content\/uploads\/Laura-250x250.jpg 250w, https:\/\/mariaruizdeclavijo.com\/wp-content\/uploads\/Laura-174x174.jpg 174w\" sizes=\"auto, (max-width: 700px) 100vw, 700px\" \/><\/div>\n\t\t<\/figure>\n\t<\/div>\n<h2 style=\"color: #ffffff;text-align: center;font-family:Open Sans;font-weight:400;font-style:normal\" class=\"vc_custom_heading vc_custom_1576839166468\">Laura Cortijos<\/h2>\n\t<div class=\"wpb_text_column wpb_content_element\">\n\t\t<div class=\"wpb_wrapper\">\n\t\t\t<p style=\"text-align: center;\"><em>Recepci\u00f3<\/em><\/p>\n<div id=\"ritekit-alerts\"><\/div>\n\n\t\t<\/div>\n\t<\/div>\n<div class=\"vc_empty_space\"  style=\"height: 30px\" ><span class=\"vc_empty_space_inner\"><\/span><\/div>\n<\/div><\/div><\/div><div class=\"wpb_column vc_column_container vc_col-sm-4\"><div class=\"vc_column-inner\"><div class=\"wpb_wrapper\">\n\t<div class=\"wpb_single_image wpb_content_element vc_align_left\">\n\t\t\n\t\t<figure class=\"wpb_wrapper vc_figure\">\n\t\t\t<div class=\"vc_single_image-wrapper   vc_box_border_grey\"><img loading=\"lazy\" decoding=\"async\" width=\"700\" height=\"700\" src=\"https:\/\/mariaruizdeclavijo.com\/wp-content\/uploads\/Yolanda.jpg\" class=\"vc_single_image-img attachment-full\" alt=\"\" srcset=\"https:\/\/mariaruizdeclavijo.com\/wp-content\/uploads\/Yolanda.jpg 700w, https:\/\/mariaruizdeclavijo.com\/wp-content\/uploads\/Yolanda-150x150.jpg 150w, https:\/\/mariaruizdeclavijo.com\/wp-content\/uploads\/Yolanda-300x300.jpg 300w, https:\/\/mariaruizdeclavijo.com\/wp-content\/uploads\/Yolanda-250x250.jpg 250w, https:\/\/mariaruizdeclavijo.com\/wp-content\/uploads\/Yolanda-174x174.jpg 174w\" sizes=\"auto, (max-width: 700px) 100vw, 700px\" \/><\/div>\n\t\t<\/figure>\n\t<\/div>\n<h2 style=\"color: #ffffff;text-align: center;font-family:Open Sans;font-weight:400;font-style:normal\" class=\"vc_custom_heading vc_custom_1576839176208\">Yolanda Guerrero<\/h2>\n\t<div class=\"wpb_text_column wpb_content_element\">\n\t\t<div class=\"wpb_wrapper\">\n\t\t\t<p style=\"text-align: center;\"><i>Auxiliar e Higienista dental<\/i><\/p>\n<div id=\"ritekit-alerts\"><\/div>\n\n\t\t<\/div>\n\t<\/div>\n<div class=\"vc_empty_space\"  style=\"height: 30px\" ><span class=\"vc_empty_space_inner\"><\/span><\/div>\n<\/div><\/div><\/div><div class=\"wpb_column vc_column_container vc_col-sm-4\"><div class=\"vc_column-inner\"><div class=\"wpb_wrapper\">\n\t<div class=\"wpb_single_image wpb_content_element vc_align_left\">\n\t\t\n\t\t<figure class=\"wpb_wrapper vc_figure\">\n\t\t\t<div class=\"vc_single_image-wrapper   vc_box_border_grey\"><img loading=\"lazy\" decoding=\"async\" width=\"700\" height=\"700\" src=\"https:\/\/mariaruizdeclavijo.com\/wp-content\/uploads\/Marta.jpg\" class=\"vc_single_image-img attachment-full\" alt=\"\" srcset=\"https:\/\/mariaruizdeclavijo.com\/wp-content\/uploads\/Marta.jpg 700w, https:\/\/mariaruizdeclavijo.com\/wp-content\/uploads\/Marta-150x150.jpg 150w, https:\/\/mariaruizdeclavijo.com\/wp-content\/uploads\/Marta-300x300.jpg 300w, https:\/\/mariaruizdeclavijo.com\/wp-content\/uploads\/Marta-250x250.jpg 250w, https:\/\/mariaruizdeclavijo.com\/wp-content\/uploads\/Marta-174x174.jpg 174w\" sizes=\"auto, (max-width: 700px) 100vw, 700px\" \/><\/div>\n\t\t<\/figure>\n\t<\/div>\n<h2 style=\"color: #ffffff;text-align: center;font-family:Open Sans;font-weight:400;font-style:normal\" class=\"vc_custom_heading vc_custom_1576839186360\">Marta Cano<\/h2>\n\t<div class=\"wpb_text_column wpb_content_element\">\n\t\t<div class=\"wpb_wrapper\">\n\t\t\t<p style=\"text-align: center;\"><i>Auxiliar d'Odontologia<\/i><\/p>\n<div id=\"ritekit-alerts\"><\/div>\n\n\t\t<\/div>\n\t<\/div>\n<div class=\"vc_empty_space\"  style=\"height: 30px\" ><span class=\"vc_empty_space_inner\"><\/span><\/div>\n<\/div><\/div><\/div><\/div><div class=\"vc_row wpb_row vc_inner vc_row-fluid\"><div class=\"wpb_column vc_column_container vc_col-sm-2\"><div class=\"vc_column-inner\"><div class=\"wpb_wrapper\"><div class=\"vc_empty_space\"  style=\"height: 30px\" ><span class=\"vc_empty_space_inner\"><\/span><\/div>\n<\/div><\/div><\/div><div class=\"wpb_column vc_column_container vc_col-sm-4\"><div class=\"vc_column-inner\"><div class=\"wpb_wrapper\">\n\t<div class=\"wpb_single_image wpb_content_element vc_align_left\">\n\t\t\n\t\t<figure class=\"wpb_wrapper vc_figure\">\n\t\t\t<div class=\"vc_single_image-wrapper   vc_box_border_grey\"><img loading=\"lazy\" decoding=\"async\" width=\"700\" height=\"700\" src=\"https:\/\/mariaruizdeclavijo.com\/wp-content\/uploads\/Genis-Burgueno.jpg\" class=\"vc_single_image-img attachment-full\" alt=\"\" srcset=\"https:\/\/mariaruizdeclavijo.com\/wp-content\/uploads\/Genis-Burgueno.jpg 700w, https:\/\/mariaruizdeclavijo.com\/wp-content\/uploads\/Genis-Burgueno-150x150.jpg 150w, https:\/\/mariaruizdeclavijo.com\/wp-content\/uploads\/Genis-Burgueno-300x300.jpg 300w, https:\/\/mariaruizdeclavijo.com\/wp-content\/uploads\/Genis-Burgueno-250x250.jpg 250w, https:\/\/mariaruizdeclavijo.com\/wp-content\/uploads\/Genis-Burgueno-174x174.jpg 174w\" sizes=\"auto, (max-width: 700px) 100vw, 700px\" \/><\/div>\n\t\t<\/figure>\n\t<\/div>\n<h2 style=\"color: #ffffff;text-align: center;font-family:Open Sans;font-weight:400;font-style:normal\" class=\"vc_custom_heading vc_custom_1593682114524\">Dr. Gen\u00eds Burgue\u00f1o<\/h2><div class=\"vc_empty_space\"  style=\"height: 30px\" ><span class=\"vc_empty_space_inner\"><\/span><\/div>\n<\/div><\/div><\/div><div class=\"wpb_column vc_column_container vc_col-sm-4\"><div class=\"vc_column-inner\"><div class=\"wpb_wrapper\">\n\t<div class=\"wpb_single_image wpb_content_element vc_align_left\">\n\t\t\n\t\t<figure class=\"wpb_wrapper vc_figure\">\n\t\t\t<div class=\"vc_single_image-wrapper   vc_box_border_grey\"><img loading=\"lazy\" decoding=\"async\" width=\"700\" height=\"700\" src=\"https:\/\/mariaruizdeclavijo.com\/wp-content\/uploads\/Juan-Bosch.jpg\" class=\"vc_single_image-img attachment-full\" alt=\"\" srcset=\"https:\/\/mariaruizdeclavijo.com\/wp-content\/uploads\/Juan-Bosch.jpg 700w, https:\/\/mariaruizdeclavijo.com\/wp-content\/uploads\/Juan-Bosch-150x150.jpg 150w, https:\/\/mariaruizdeclavijo.com\/wp-content\/uploads\/Juan-Bosch-300x300.jpg 300w, https:\/\/mariaruizdeclavijo.com\/wp-content\/uploads\/Juan-Bosch-250x250.jpg 250w, https:\/\/mariaruizdeclavijo.com\/wp-content\/uploads\/Juan-Bosch-174x174.jpg 174w\" sizes=\"auto, (max-width: 700px) 100vw, 700px\" \/><\/div>\n\t\t<\/figure>\n\t<\/div>\n<h2 style=\"color: #ffffff;text-align: center;font-family:Open Sans;font-weight:400;font-style:normal\" class=\"vc_custom_heading vc_custom_1594651897914\">Dr. Juan Bosch<\/h2><\/div><\/div><\/div><div class=\"wpb_column vc_column_container vc_col-sm-2\"><div class=\"vc_column-inner\"><div class=\"wpb_wrapper\"><\/div><\/div><\/div><\/div><div class=\"vc_empty_space\"  style=\"height: 32px\" ><span class=\"vc_empty_space_inner\"><\/span><\/div>\n<div class=\"vc_empty_space\"  style=\"height: 35px\" ><span class=\"vc_empty_space_inner\"><\/span><\/div>\n<\/div><\/div><\/div><\/div><div class=\"vc_row-full-width vc_clearfix\"><\/div><div data-vc-full-width=\"true\" data-vc-full-width-init=\"false\" class=\"vc_row wpb_row vc_row-fluid vc_custom_1475587544997 vc_row-has-fill\"><div class=\"wpb_column vc_column_container vc_col-sm-12\"><div class=\"vc_column-inner\"><div class=\"wpb_wrapper\"><div class=\"vc_empty_space\"  style=\"height: 20px\" ><span class=\"vc_empty_space_inner\"><\/span><\/div>\n<h2 style=\"color: #ffffff;text-align: center;font-family:Abril Fatface;font-weight:400;font-style:normal\" class=\"vc_custom_heading\">CONTACTA AMB NOSALTRES<\/h2><div class=\"vc_empty_space\"  style=\"height: 10px\" ><span class=\"vc_empty_space_inner\"><\/span><\/div>\n<div class=\"vc_empty_space\"  style=\"height: 1px\" ><span class=\"vc_empty_space_inner\"><\/span><\/div>\n<\/div><\/div><\/div><\/div><div class=\"vc_row-full-width vc_clearfix\"><\/div><div data-vc-full-width=\"true\" data-vc-full-width-init=\"false\" class=\"vc_row wpb_row vc_row-fluid vc_custom_1475578717353 vc_row-has-fill\"><div class=\"wpb_column vc_column_container vc_col-sm-12\"><div class=\"vc_column-inner\"><div class=\"wpb_wrapper\"><div class=\"vc_empty_space\"  style=\"height: 50px\" ><span class=\"vc_empty_space_inner\"><\/span><\/div>\n<div id=\"formulari\" class=\"vc_row wpb_row vc_inner vc_row-fluid\"><div class=\"wpb_column vc_column_container vc_col-sm-8\"><div class=\"vc_column-inner\"><div class=\"wpb_wrapper\">\n<div class=\"wpcf7 no-js\" id=\"wpcf7-f299-o1\" lang=\"ca\" dir=\"ltr\">\n<div class=\"screen-reader-response\"><p role=\"status\" aria-live=\"polite\" aria-atomic=\"true\"><\/p> <ul><\/ul><\/div>\n<form action=\"\/ca\/wp-json\/wp\/v2\/pages\/666#wpcf7-f299-o1\" method=\"post\" class=\"wpcf7-form init\" aria-label=\"Formulari de contacte\" novalidate=\"novalidate\" data-status=\"init\" data-trp-original-action=\"\/ca\/wp-json\/wp\/v2\/pages\/666#wpcf7-f299-o1\">\n<div style=\"display: none;\">\n<input type=\"hidden\" name=\"_wpcf7\" value=\"299\" \/>\n<input type=\"hidden\" name=\"_wpcf7_version\" value=\"5.7.7\" \/>\n<input type=\"hidden\" name=\"_wpcf7_locale\" value=\"ca\" \/>\n<input type=\"hidden\" name=\"_wpcf7_unit_tag\" value=\"wpcf7-f299-o1\" \/>\n<input type=\"hidden\" name=\"_wpcf7_container_post\" value=\"0\" \/>\n<input type=\"hidden\" name=\"_wpcf7_posted_data_hash\" value=\"\" \/>\n<\/div>\n<p>Nom\n<\/p>\n<p><span class=\"wpcf7-form-control-wrap\" data-name=\"your-name\"><input size=\"40\" class=\"wpcf7-form-control wpcf7-text wpcf7-validates-as-required\" aria-required=\"true\" aria-invalid=\"false\" value=\"\" type=\"text\" name=\"your-name\" \/><\/span>\n<\/p>\n<p>Cognoms<br \/>\n<span class=\"wpcf7-form-control-wrap\" data-name=\"Cognom\"><input size=\"40\" class=\"wpcf7-form-control wpcf7-text wpcf7-validates-as-required\" aria-required=\"true\" aria-invalid=\"false\" value=\"\" type=\"text\" name=\"Cognom\" \/><\/span>\n<\/p>\n<p>E-mail\n<\/p>\n<p><span class=\"wpcf7-form-control-wrap\" data-name=\"your-email\"><input size=\"40\" class=\"wpcf7-form-control wpcf7-text wpcf7-email wpcf7-validates-as-required wpcf7-validates-as-email\" aria-required=\"true\" aria-invalid=\"false\" value=\"\" type=\"email\" name=\"your-email\" \/><\/span>\n<\/p>\n<p>Motiu\n<\/p>\n<p><span class=\"wpcf7-form-control-wrap\" data-name=\"your-subject\"><input size=\"40\" class=\"wpcf7-form-control wpcf7-text\" aria-invalid=\"false\" value=\"\" type=\"text\" name=\"your-subject\" \/><\/span>\n<\/p>\n<p class=\"max-width\">Missatge\n<\/p>\n<p><span class=\"wpcf7-form-control-wrap\" data-name=\"your-message\"><textarea cols=\"40\" rows=\"10\" class=\"wpcf7-form-control wpcf7-textarea\" aria-invalid=\"false\" name=\"your-message\"><\/textarea><\/span>\n<\/p>\n<p class=\"max-width\"><input class=\"wpcf7-form-control has-spinner wpcf7-submit\" type=\"submit\" value=\"Enviar\" \/>\n<\/p>\n<p><span class=\"wpcf7-form-control-wrap\" data-name=\"acceptance-469\"><span class=\"wpcf7-form-control wpcf7-acceptance\"><span class=\"wpcf7-list-item\"><input type=\"checkbox\" name=\"acceptance-469\" value=\"1\" aria-invalid=\"false\" \/><\/span><\/span><\/span> He llegit i accepto la Pol\u00edtica de Privacitat.\n<\/p>\n<p><br \/>\nResponsable de les dades: Maria Ruiz de Clavijo. Finalitat de les dades: Utilitzats per a contactar amb tu i enviament d'informaci\u00f3 sol\u00b7licitada. Emmagatzematge de les dades: Les dades s'emmagatzemen, per\u00f2 sempre tens dret a sol\u00b7licitar que s'eliminin. Drets: En qualsevol moment pots sol\u00b7licitar recuperar, eliminar o editar les dades. Troba tota la informaci\u00f3 detallada a la nostra <a href =\"https:\/\/mariaruizdeclavijo.com\/ca\/politica-de-privacidad\/\" target=\"\u00bb_blank\u00bb\">Pol\u00edtica de Privacitat<\/a>.\n<\/p><div class=\"wpcf7-response-output\" aria-hidden=\"true\"><\/div>\n<input type=\"hidden\" name=\"trp-form-language\" value=\"ca\"\/><\/form>\n<\/div>\n<\/div><\/div><\/div><div class=\"wpb_column vc_column_container vc_col-sm-4\"><div class=\"vc_column-inner\"><div class=\"wpb_wrapper\"><div class=\"wpb_gmaps_widget wpb_content_element\">\n\t\t<div class=\"wpb_wrapper\">\n\t\t<div class=\"wpb_map_wraper\">\n\t\t\t<iframe loading=\"lazy\" src=\"https:\/\/www.google.com\/maps\/embed?pb=!1m18!1m12!1m3!1d1118.6648367234477!2d2.2890537802187976!3d41.61189289930637!2m3!1f0!2f0!3f0!3m2!1i1024!2i768!4f13.1!3m3!1m2!1s0x12a4c7cef3f47617%3A0x63878a50c47f7768!2sCarrer+Joan+Prim%2C+83%2C+08401+Granollers%2C+Barcelona!5e0!3m2!1sca!2ses!4v1475587365099\" width=\"600\" height=\"300\" frameborder=\"0\" style=\"border:0\" allowfullscreen><\/iframe>\t\t<\/div>\n\t<\/div>\n<\/div>\n<\/div><\/div><\/div><\/div><div class=\"vc_empty_space\"  style=\"height: 50px\" ><span class=\"vc_empty_space_inner\"><\/span><\/div>\n<\/div><\/div><\/div><\/div><div class=\"vc_row-full-width vc_clearfix\"><\/div><div class=\"vc_row wpb_row vc_row-fluid\"><div class=\"wpb_column vc_column_container vc_col-sm-12\"><div class=\"vc_column-inner\"><div class=\"wpb_wrapper\">\n\t<div class=\"wpb_text_column wpb_content_element\">\n\t\t<div class=\"wpb_wrapper\">\n\t\t\t\n\t\t<\/div>\n\t<\/div>\n<\/div><\/div><\/div><\/div>","protected":false},"excerpt":{"rendered":"NUESTRO EQUIPO Maria Ruiz de Clavijo Gerente - Ortodoncista Licenciada en Odontolog\u00eda por la Universidad Europea de Madrid (1995 - 2000) M\u00e1ster de Ortodoncia en la Fundaci\u00f3n Jim\u00e9nez D\u00edaz (2001 - 2003) M\u00e1ster en Terapia Neural en San Juan de Dios (2016 - 2017) Formaci\u00f3n en Est\u00e9tica Dental con el Dr. Autr\u00e1n (2019) Laura Cortijos<a href=\"https:\/\/mariaruizdeclavijo.com\/ca\/equipo\/\">[...]<\/a>","protected":false},"author":2,"featured_media":0,"parent":0,"menu_order":0,"comment_status":"closed","ping_status":"closed","template":"template-fullwidth.php","meta":{"footnotes":""},"class_list":["post-666","page","type-page","status-publish","hentry"],"yoast_head":"<!-- This site is optimized with the Yoast SEO plugin v19.6.1 - https:\/\/yoast.com\/wordpress\/plugins\/seo\/ -->\n<title>Nuestro Equipo - Maria Ruiz de Clavijo<\/title>\n<meta name=\"description\" content=\"Conoce a todo el equipo de la cl\u00ednica y sus especializaciones. \u00a1No dudes en contactar con nosotros para cualquier consulta!\" \/>\n<meta name=\"robots\" content=\"index, follow, max-snippet:-1, max-image-preview:large, max-video-preview:-1\" \/>\n<link rel=\"canonical\" href=\"https:\/\/mariaruizdeclavijo.com\/ca\/equipo\/\" \/>\n<meta property=\"og:locale\" content=\"ca_ES\" \/>\n<meta property=\"og:type\" content=\"article\" \/>\n<meta property=\"og:title\" content=\"Nuestro Equipo - Maria Ruiz de Clavijo\" \/>\n<meta property=\"og:description\" content=\"Conoce a todo el equipo de la cl\u00ednica y sus especializaciones. \u00a1No dudes en contactar con nosotros para cualquier consulta!\" \/>\n<meta property=\"og:url\" content=\"https:\/\/mariaruizdeclavijo.com\/ca\/equipo\/\" \/>\n<meta property=\"og:site_name\" content=\"Maria Ruiz de Clavijo\" \/>\n<meta property=\"article:modified_time\" content=\"2021-10-01T10:52:18+00:00\" \/>\n<meta name=\"twitter:card\" content=\"summary_large_image\" \/>\n<meta name=\"twitter:label1\" content=\"Temps estimat de lectura\" \/>\n\t<meta name=\"twitter:data1\" content=\"4 minuts\" \/>\n<script type=\"application\/ld+json\" class=\"yoast-schema-graph\">{\"@context\":\"https:\/\/schema.org\",\"@graph\":[{\"@type\":\"WebPage\",\"@id\":\"https:\/\/mariaruizdeclavijo.com\/equipo\/\",\"url\":\"https:\/\/mariaruizdeclavijo.com\/equipo\/\",\"name\":\"Nuestro Equipo - Maria Ruiz de Clavijo\",\"isPartOf\":{\"@id\":\"https:\/\/mariaruizdeclavijo.com\/#website\"},\"datePublished\":\"2019-12-18T11:47:26+00:00\",\"dateModified\":\"2021-10-01T10:52:18+00:00\",\"description\":\"Conoce a todo el equipo de la cl\u00ednica y sus especializaciones. \u00a1No dudes en contactar con nosotros para cualquier consulta!\",\"breadcrumb\":{\"@id\":\"https:\/\/mariaruizdeclavijo.com\/equipo\/#breadcrumb\"},\"inLanguage\":\"ca\",\"potentialAction\":[{\"@type\":\"ReadAction\",\"target\":[\"https:\/\/mariaruizdeclavijo.com\/equipo\/\"]}]},{\"@type\":\"BreadcrumbList\",\"@id\":\"https:\/\/mariaruizdeclavijo.com\/equipo\/#breadcrumb\",\"itemListElement\":[{\"@type\":\"ListItem\",\"position\":1,\"name\":\"Portada\",\"item\":\"https:\/\/mariaruizdeclavijo.com\/\"},{\"@type\":\"ListItem\",\"position\":2,\"name\":\"Equipo\"}]},{\"@type\":\"WebSite\",\"@id\":\"https:\/\/mariaruizdeclavijo.com\/#website\",\"url\":\"https:\/\/mariaruizdeclavijo.com\/\",\"name\":\"Maria Ruiz de Clavijo\",\"description\":\"Cl\u00ednica d&#039;Ortod\u00f2ncia\",\"potentialAction\":[{\"@type\":\"SearchAction\",\"target\":{\"@type\":\"EntryPoint\",\"urlTemplate\":\"https:\/\/mariaruizdeclavijo.com\/?s={search_term_string}\"},\"query-input\":\"required name=search_term_string\"}],\"inLanguage\":\"ca\"}]}<\/script>\n<!-- \/ Yoast SEO plugin. -->","yoast_head_json":{"title":"Nuestro Equipo - Maria Ruiz de Clavijo","description":"Conoce a todo el equipo de la cl\u00ednica y sus especializaciones. \u00a1No dudes en contactar con nosotros para cualquier consulta!","robots":{"index":"index","follow":"follow","max-snippet":"max-snippet:-1","max-image-preview":"max-image-preview:large","max-video-preview":"max-video-preview:-1"},"canonical":"https:\/\/mariaruizdeclavijo.com\/ca\/equipo\/","og_locale":"ca_ES","og_type":"article","og_title":"Nuestro Equipo - Maria Ruiz de Clavijo","og_description":"Conoce a todo el equipo de la cl\u00ednica y sus especializaciones. \u00a1No dudes en contactar con nosotros para cualquier consulta!","og_url":"https:\/\/mariaruizdeclavijo.com\/ca\/equipo\/","og_site_name":"Maria Ruiz de Clavijo","article_modified_time":"2021-10-01T10:52:18+00:00","twitter_card":"summary_large_image","twitter_misc":{"Temps estimat de lectura":"4 minuts"},"schema":{"@context":"https:\/\/schema.org","@graph":[{"@type":"WebPage","@id":"https:\/\/mariaruizdeclavijo.com\/equipo\/","url":"https:\/\/mariaruizdeclavijo.com\/equipo\/","name":"Nuestro Equipo - Maria Ruiz de Clavijo","isPartOf":{"@id":"https:\/\/mariaruizdeclavijo.com\/#website"},"datePublished":"2019-12-18T11:47:26+00:00","dateModified":"2021-10-01T10:52:18+00:00","description":"Conoce a todo el equipo de la cl\u00ednica y sus especializaciones. \u00a1No dudes en contactar con nosotros para cualquier consulta!","breadcrumb":{"@id":"https:\/\/mariaruizdeclavijo.com\/equipo\/#breadcrumb"},"inLanguage":"ca","potentialAction":[{"@type":"ReadAction","target":["https:\/\/mariaruizdeclavijo.com\/equipo\/"]}]},{"@type":"BreadcrumbList","@id":"https:\/\/mariaruizdeclavijo.com\/equipo\/#breadcrumb","itemListElement":[{"@type":"ListItem","position":1,"name":"Portada","item":"https:\/\/mariaruizdeclavijo.com\/"},{"@type":"ListItem","position":2,"name":"Equipo"}]},{"@type":"WebSite","@id":"https:\/\/mariaruizdeclavijo.com\/#website","url":"https:\/\/mariaruizdeclavijo.com\/","name":"Maria Ruiz de Clavijo","description":"Cl\u00ednica d&#039;Ortod\u00f2ncia","potentialAction":[{"@type":"SearchAction","target":{"@type":"EntryPoint","urlTemplate":"https:\/\/mariaruizdeclavijo.com\/?s={search_term_string}"},"query-input":"required name=search_term_string"}],"inLanguage":"ca"}]}},"_links":{"self":[{"href":"https:\/\/mariaruizdeclavijo.com\/ca\/wp-json\/wp\/v2\/pages\/666","targetHints":{"allow":["GET"]}}],"collection":[{"href":"https:\/\/mariaruizdeclavijo.com\/ca\/wp-json\/wp\/v2\/pages"}],"about":[{"href":"https:\/\/mariaruizdeclavijo.com\/ca\/wp-json\/wp\/v2\/types\/page"}],"author":[{"embeddable":true,"href":"https:\/\/mariaruizdeclavijo.com\/ca\/wp-json\/wp\/v2\/users\/2"}],"replies":[{"embeddable":true,"href":"https:\/\/mariaruizdeclavijo.com\/ca\/wp-json\/wp\/v2\/comments?post=666"}],"version-history":[{"count":32,"href":"https:\/\/mariaruizdeclavijo.com\/ca\/wp-json\/wp\/v2\/pages\/666\/revisions"}],"predecessor-version":[{"id":1052,"href":"https:\/\/mariaruizdeclavijo.com\/ca\/wp-json\/wp\/v2\/pages\/666\/revisions\/1052"}],"wp:attachment":[{"href":"https:\/\/mariaruizdeclavijo.com\/ca\/wp-json\/wp\/v2\/media?parent=666"}],"curies":[{"name":"wp","href":"https:\/\/api.w.org\/{rel}","templated":true}]}}