{"id":910,"date":"2020-01-08T16:33:08","date_gmt":"2020-01-08T16:33:08","guid":{"rendered":"http:\/\/mariaruizdeclavijo.com\/?page_id=910"},"modified":"2020-01-29T17:14:44","modified_gmt":"2020-01-29T17:14:44","slug":"myobrace","status":"publish","type":"page","link":"https:\/\/mariaruizdeclavijo.com\/ca\/myobrace\/","title":{"rendered":"Myobrace"},"content":{"rendered":"<div data-vc-full-width=\"true\" data-vc-full-width-init=\"false\" data-vc-stretch-content=\"true\" class=\"vc_row wpb_row vc_row-fluid vc_custom_1580316305755 vc_row-has-fill\"><div class=\"wpb_column vc_column_container vc_col-sm-4\"><div class=\"vc_column-inner\"><div class=\"wpb_wrapper\"><\/div><\/div><\/div><div class=\"wpb_column vc_column_container vc_col-sm-4\"><div class=\"vc_column-inner\"><div class=\"wpb_wrapper\"><div class=\"vc_empty_space\"  style=\"height: 120px\" ><span class=\"vc_empty_space_inner\"><\/span><\/div>\n\n\t<div class=\"wpb_text_column wpb_content_element  vc_custom_1580318077363\">\n\t\t<div class=\"wpb_wrapper\">\n\t\t\t<p style=\"font-size: 58px; color: #ffffff; text-align: center;\">Myobrace<\/p>\n\n\t\t<\/div>\n\t<\/div>\n<div class=\"vc_empty_space\"  style=\"height: 100px\" ><span class=\"vc_empty_space_inner\"><\/span><\/div>\n<\/div><\/div><\/div><div class=\"wpb_column vc_column_container vc_col-sm-4\"><div class=\"vc_column-inner\"><div class=\"wpb_wrapper\"><\/div><\/div><\/div><\/div><div class=\"vc_row-full-width vc_clearfix\"><\/div><div class=\"vc_row wpb_row vc_row-fluid\"><div class=\"wpb_column vc_column_container vc_col-sm-2\"><div class=\"vc_column-inner\"><div class=\"wpb_wrapper\"><\/div><\/div><\/div><div class=\"wpb_column vc_column_container vc_col-sm-8\"><div class=\"vc_column-inner\"><div class=\"wpb_wrapper\"><div class=\"vc_empty_space\"  style=\"height: 50px\" ><span class=\"vc_empty_space_inner\"><\/span><\/div>\n\n\t<div class=\"wpb_text_column wpb_content_element\">\n\t\t<div class=\"wpb_wrapper\">\n\t\t\t<p>Avui dia, <strong>la majoria dels nens tenen les dents apinyades<\/strong>, aix\u00f2 es pot veure dels tres als cinc anys d'edat, i <strong>sovint culpem a la gen\u00e8tica<\/strong> per les dents tortes. No obstant aix\u00f2, <strong>la recerca moderna apunta cap a altres causes que restringeixen el desenvolupament natural<\/strong>.<\/p>\n<p>Les dents no es torcen per casualitat i l'evid\u00e8ncia m\u00e9s recent descobreix que <strong>la majoria dels problemes s\u00f3n causats pel desenvolupament incorrecte dels maxil\u00b7lars<\/strong>. Aquest desenvolupament redu\u00eft, la qual cosa ja \u00e9s evident a una edat primerenca, limita l'espai disponible per a les dents adultes i evita que creixin en la seva posici\u00f3 natural ideal.<\/p>\n<p>Gr\u00e0cies a l'avaluaci\u00f3 i el tractament primerenc <strong>amb l'ajuda de <a href=\"https:\/\/myobrace.com\/es-419\">Myobrace<\/a>, es poden prevenir els possibles problemes ortod\u00f2ntics en els nens<\/strong>, fent que es redueixi la necessitat d'un tractament d'ortod\u00f2ncia amb extraccions i brackets.<\/p>\n<h2>Qu\u00e8 \u00e9s Myobrace?<\/h2>\n<p>El sistema Myobrace \u00e9s un <strong>tractament preventiu preortodoncia que s'enfoca a abordar les causes subjacents de les dents mal alineades<\/strong>, <strong>sovint sense la necessitat de brackets o extracci\u00f3 de dents<\/strong>, per a desbloquejar el creixement i desenvolupament natural. El tractament \u00e9s m\u00e9s adequat per a nens de 3 a 15 anys i implica <strong>l'\u00fas d'una s\u00e8rie d'accessoris intraorals amovibles que s'usen durant 1-2 hores cada dia i durant la nit mentre s'adorm<\/strong>.<\/p>\n<h2>Qu\u00e8 corregeix?<\/h2>\n<p>Corregeix <strong>els mals h\u00e0bits orals i miofuncionals<\/strong> com:<\/p>\n<ul>\n<li><strong>Respiraci\u00f3 incorrecta<\/strong>: Si un nen respira per la boca, els maxil\u00b7lars s'estrenyen i <strong>el creixement es dirigeix cap avall en lloc de cap amunt<\/strong>. Aix\u00f2 significa que no hi ha suficient espai per a les dents adultes i <strong>la cara pot estr\u00e8nyer-se<\/strong>.<\/li>\n<li><strong>Degluci\u00f3<\/strong>\u00a0<strong>inversa<\/strong>: Passa quan la llengua s'empeny cap endavant i els llavis s'empenyen cap endarrere en empassar. Aquest h\u00e0bit limita el creixement cap endavant dels maxil\u00b7lars, la qual cosa fa que <strong>la cara no pugui cr\u00e9ixer al seu potencial gen\u00e8tic<\/strong>.<\/li>\n<li><strong>Posici\u00f3 baixa de la llengua<\/strong>: La llengua sempre hauria de descansar en el sostre de la boca, sempre que no estiguem menjant o parlant. Si un nen t\u00e9 una posici\u00f3 baixa de la llengua, <strong>les dents superiors no tindran suficient espai i la mand\u00edbula ser\u00e0 for\u00e7ada cap endarrere i cap avall<\/strong>.<\/li>\n<li><strong>Control incorrecte dels llavis<\/strong>: El to muscular deficient o el control incorrecte dels m\u00fasculs dels llavis i les galtes, dificulten que el nen tanqui els llavis i <strong>augmenta l'activitat muscular en deglutir<\/strong>.<\/li>\n<\/ul>\n<p><strong>Gr\u00e0cies a la correcci\u00f3 d'aquests mals h\u00e0bits, s'aconsegueix que els maxil\u00b7lars creixin de manera correcta<\/strong>, fins a aconseguir la seva grand\u00e0ria adequada i completa. Aix\u00f2, sovint permet que hi hagi suficient espai perqu\u00e8 les dents neixin alineades i sense necessitat d'aparells ortod\u00f2ntics.<\/p>\n<h2>Com ho corregeix?<\/h2>\n<p><strong>Gr\u00e0cies al tractament i a les activitats Myobrace<\/strong> que es realitzen di\u00e0riament mitjan\u00e7ant l'aplicaci\u00f3 Activitats Myobrace, ensenya als nens a:<\/p>\n<ul>\n<li><strong>Respirar per la boca<\/strong><\/li>\n<li><strong>Deglutir de manera correcta<\/strong><\/li>\n<li><strong>Posar la llengua en la posici\u00f3 correcta de rep\u00f2s<\/strong><\/li>\n<li><strong>Mantenir els llavis junts<\/strong><\/li>\n<\/ul>\n\n\t\t<\/div>\n\t<\/div>\n<div class=\"vc_empty_space\"  style=\"height: 30px\" ><span class=\"vc_empty_space_inner\"><\/span><\/div>\n<div class=\"vc_btn3-container vc_btn3-center\"><a class=\"vc_general vc_btn3 vc_btn3-size-md vc_btn3-shape-rounded vc_btn3-style-modern vc_btn3-color-black\" href=\"https:\/\/mariaruizdeclavijo.com\/ca\/contacta-con-nosotros\/\" title=\"\">Demana informaci\u00f3<\/a><\/div>\n<div class=\"vc_empty_space\"  style=\"height: 50px\" ><span class=\"vc_empty_space_inner\"><\/span><\/div>\n<\/div><\/div><\/div><div class=\"wpb_column vc_column_container vc_col-sm-2\"><div class=\"vc_column-inner\"><div class=\"wpb_wrapper\"><\/div><\/div><\/div><\/div>","protected":false},"excerpt":{"rendered":"Myobrace Hoy en d\u00eda, la mayor\u00eda de los ni\u00f1os tienen los dientes api\u00f1ados, esto se puede ver de los tres a los cinco a\u00f1os de edad, y a menudo culpamos a la gen\u00e9tica por los dientes torcidos. Sin embargo, la investigaci\u00f3n moderna apunta hacia otras causas que restringen el desarrollo natural. Los dientes no se<a href=\"https:\/\/mariaruizdeclavijo.com\/ca\/myobrace\/\">[...]<\/a>","protected":false},"author":2,"featured_media":0,"parent":0,"menu_order":0,"comment_status":"closed","ping_status":"closed","template":"template-fullwidth.php","meta":{"footnotes":""},"class_list":["post-910","page","type-page","status-publish","hentry"],"yoast_head":"<!-- This site is optimized with the Yoast SEO plugin v19.6.1 - https:\/\/yoast.com\/wordpress\/plugins\/seo\/ -->\n<title>Myobrace - Cl\u00ednica Maria Ruiz de Clavijo<\/title>\n<meta name=\"description\" content=\"\u00bfTe gustar\u00eda mejorar la salud oral y bucal de los m\u00e1s peque\u00f1os de la casa? \u00a1Vis\u00edtanos, descubre el tratamiento Myobrace y empieza a mejorar su salud!\" \/>\n<meta name=\"robots\" content=\"index, follow, max-snippet:-1, max-image-preview:large, max-video-preview:-1\" \/>\n<link rel=\"canonical\" href=\"https:\/\/mariaruizdeclavijo.com\/ca\/myobrace\/\" \/>\n<meta property=\"og:locale\" content=\"ca_ES\" \/>\n<meta property=\"og:type\" content=\"article\" \/>\n<meta property=\"og:title\" content=\"Myobrace - Cl\u00ednica Maria Ruiz de Clavijo\" \/>\n<meta property=\"og:description\" content=\"\u00bfTe gustar\u00eda mejorar la salud oral y bucal de los m\u00e1s peque\u00f1os de la casa? \u00a1Vis\u00edtanos, descubre el tratamiento Myobrace y empieza a mejorar su salud!\" \/>\n<meta property=\"og:url\" content=\"https:\/\/mariaruizdeclavijo.com\/ca\/myobrace\/\" \/>\n<meta property=\"og:site_name\" content=\"Maria Ruiz de Clavijo\" \/>\n<meta property=\"article:modified_time\" content=\"2020-01-29T17:14:44+00:00\" \/>\n<meta name=\"twitter:card\" content=\"summary_large_image\" \/>\n<meta name=\"twitter:label1\" content=\"Temps estimat de lectura\" \/>\n\t<meta name=\"twitter:data1\" content=\"3 minuts\" \/>\n<script type=\"application\/ld+json\" class=\"yoast-schema-graph\">{\"@context\":\"https:\/\/schema.org\",\"@graph\":[{\"@type\":\"WebPage\",\"@id\":\"https:\/\/mariaruizdeclavijo.com\/myobrace\/\",\"url\":\"https:\/\/mariaruizdeclavijo.com\/myobrace\/\",\"name\":\"Myobrace - Cl\u00ednica Maria Ruiz de Clavijo\",\"isPartOf\":{\"@id\":\"https:\/\/mariaruizdeclavijo.com\/#website\"},\"datePublished\":\"2020-01-08T16:33:08+00:00\",\"dateModified\":\"2020-01-29T17:14:44+00:00\",\"description\":\"\u00bfTe gustar\u00eda mejorar la salud oral y bucal de los m\u00e1s peque\u00f1os de la casa? \u00a1Vis\u00edtanos, descubre el tratamiento Myobrace y empieza a mejorar su salud!\",\"breadcrumb\":{\"@id\":\"https:\/\/mariaruizdeclavijo.com\/myobrace\/#breadcrumb\"},\"inLanguage\":\"ca\",\"potentialAction\":[{\"@type\":\"ReadAction\",\"target\":[\"https:\/\/mariaruizdeclavijo.com\/myobrace\/\"]}]},{\"@type\":\"BreadcrumbList\",\"@id\":\"https:\/\/mariaruizdeclavijo.com\/myobrace\/#breadcrumb\",\"itemListElement\":[{\"@type\":\"ListItem\",\"position\":1,\"name\":\"Portada\",\"item\":\"https:\/\/mariaruizdeclavijo.com\/\"},{\"@type\":\"ListItem\",\"position\":2,\"name\":\"Myobrace\"}]},{\"@type\":\"WebSite\",\"@id\":\"https:\/\/mariaruizdeclavijo.com\/#website\",\"url\":\"https:\/\/mariaruizdeclavijo.com\/\",\"name\":\"Maria Ruiz de Clavijo\",\"description\":\"Cl\u00ednica d&#039;Ortod\u00f2ncia\",\"potentialAction\":[{\"@type\":\"SearchAction\",\"target\":{\"@type\":\"EntryPoint\",\"urlTemplate\":\"https:\/\/mariaruizdeclavijo.com\/?s={search_term_string}\"},\"query-input\":\"required name=search_term_string\"}],\"inLanguage\":\"ca\"}]}<\/script>\n<!-- \/ Yoast SEO plugin. -->","yoast_head_json":{"title":"Myobrace - Cl\u00ednica Maria Ruiz de Clavijo","description":"\u00bfTe gustar\u00eda mejorar la salud oral y bucal de los m\u00e1s peque\u00f1os de la casa? \u00a1Vis\u00edtanos, descubre el tratamiento Myobrace y empieza a mejorar su salud!","robots":{"index":"index","follow":"follow","max-snippet":"max-snippet:-1","max-image-preview":"max-image-preview:large","max-video-preview":"max-video-preview:-1"},"canonical":"https:\/\/mariaruizdeclavijo.com\/ca\/myobrace\/","og_locale":"ca_ES","og_type":"article","og_title":"Myobrace - Cl\u00ednica Maria Ruiz de Clavijo","og_description":"\u00bfTe gustar\u00eda mejorar la salud oral y bucal de los m\u00e1s peque\u00f1os de la casa? \u00a1Vis\u00edtanos, descubre el tratamiento Myobrace y empieza a mejorar su salud!","og_url":"https:\/\/mariaruizdeclavijo.com\/ca\/myobrace\/","og_site_name":"Maria Ruiz de Clavijo","article_modified_time":"2020-01-29T17:14:44+00:00","twitter_card":"summary_large_image","twitter_misc":{"Temps estimat de lectura":"3 minuts"},"schema":{"@context":"https:\/\/schema.org","@graph":[{"@type":"WebPage","@id":"https:\/\/mariaruizdeclavijo.com\/myobrace\/","url":"https:\/\/mariaruizdeclavijo.com\/myobrace\/","name":"Myobrace - Cl\u00ednica Maria Ruiz de Clavijo","isPartOf":{"@id":"https:\/\/mariaruizdeclavijo.com\/#website"},"datePublished":"2020-01-08T16:33:08+00:00","dateModified":"2020-01-29T17:14:44+00:00","description":"\u00bfTe gustar\u00eda mejorar la salud oral y bucal de los m\u00e1s peque\u00f1os de la casa? \u00a1Vis\u00edtanos, descubre el tratamiento Myobrace y empieza a mejorar su salud!","breadcrumb":{"@id":"https:\/\/mariaruizdeclavijo.com\/myobrace\/#breadcrumb"},"inLanguage":"ca","potentialAction":[{"@type":"ReadAction","target":["https:\/\/mariaruizdeclavijo.com\/myobrace\/"]}]},{"@type":"BreadcrumbList","@id":"https:\/\/mariaruizdeclavijo.com\/myobrace\/#breadcrumb","itemListElement":[{"@type":"ListItem","position":1,"name":"Portada","item":"https:\/\/mariaruizdeclavijo.com\/"},{"@type":"ListItem","position":2,"name":"Myobrace"}]},{"@type":"WebSite","@id":"https:\/\/mariaruizdeclavijo.com\/#website","url":"https:\/\/mariaruizdeclavijo.com\/","name":"Maria Ruiz de Clavijo","description":"Cl\u00ednica d&#039;Ortod\u00f2ncia","potentialAction":[{"@type":"SearchAction","target":{"@type":"EntryPoint","urlTemplate":"https:\/\/mariaruizdeclavijo.com\/?s={search_term_string}"},"query-input":"required name=search_term_string"}],"inLanguage":"ca"}]}},"_links":{"self":[{"href":"https:\/\/mariaruizdeclavijo.com\/ca\/wp-json\/wp\/v2\/pages\/910","targetHints":{"allow":["GET"]}}],"collection":[{"href":"https:\/\/mariaruizdeclavijo.com\/ca\/wp-json\/wp\/v2\/pages"}],"about":[{"href":"https:\/\/mariaruizdeclavijo.com\/ca\/wp-json\/wp\/v2\/types\/page"}],"author":[{"embeddable":true,"href":"https:\/\/mariaruizdeclavijo.com\/ca\/wp-json\/wp\/v2\/users\/2"}],"replies":[{"embeddable":true,"href":"https:\/\/mariaruizdeclavijo.com\/ca\/wp-json\/wp\/v2\/comments?post=910"}],"version-history":[{"count":17,"href":"https:\/\/mariaruizdeclavijo.com\/ca\/wp-json\/wp\/v2\/pages\/910\/revisions"}],"predecessor-version":[{"id":914,"href":"https:\/\/mariaruizdeclavijo.com\/ca\/wp-json\/wp\/v2\/pages\/910\/revisions\/914"}],"wp:attachment":[{"href":"https:\/\/mariaruizdeclavijo.com\/ca\/wp-json\/wp\/v2\/media?parent=910"}],"curies":[{"name":"wp","href":"https:\/\/api.w.org\/{rel}","templated":true}]}}